{"id":5615,"date":"2024-10-31T13:29:29","date_gmt":"2024-10-31T12:29:29","guid":{"rendered":"https:\/\/www.ing-solvan.com\/?post_type=product&#038;p=5615"},"modified":"2024-11-25T12:09:11","modified_gmt":"2024-11-25T11:09:11","slug":"discos-tolecut-stickon","status":"publish","type":"product","link":"https:\/\/www.ing-solvan.com\/en\/producto\/discos-tolecut-stickon\/","title":{"rendered":"DISCOS TOLECUT STICK-ON 34MM"},"content":{"rendered":"<div class=\"wprt-container\">\n<div class=\"table-responsive\">\n<div class=\"table-responsive wprt_style_display\">\n<p>&nbsp;<\/p>\n<table class=\"table\">\n<thead>\n<tr>\n<td style=\"text-align: center\"><strong>REFERENCIA<\/strong><\/td>\n<td style=\"text-align: center\"><strong>MEDIDAS<\/strong><\/td>\n<td style=\"text-align: center\"><strong>GRANO<\/strong><\/td>\n<td style=\"text-align: center\"><strong>UN\/CAJA<\/strong><\/td>\n<\/tr>\n<\/thead>\n<tbody>\n<tr>\n<td style=\"text-align: center\">192-1513<\/td>\n<td style=\"text-align: center\">34 mm<\/td>\n<td style=\"text-align: center\">K1500<\/td>\n<td style=\"text-align: center\">600 un.<\/td>\n<\/tr>\n<tr>\n<td style=\"text-align: center\">192-1512<\/td>\n<td style=\"text-align: center\">34 mm<\/td>\n<td style=\"text-align: center\">K2000<\/td>\n<td style=\"text-align: center\">600 un.<\/td>\n<\/tr>\n<tr>\n<td style=\"text-align: center\">192-1514<\/td>\n<td style=\"text-align: center\">34 mm<\/td>\n<td style=\"text-align: center\">K2500<\/td>\n<td style=\"text-align: center\">600 un.<\/td>\n<\/tr>\n<tr>\n<td style=\"text-align: center\">192-1511<\/td>\n<td style=\"text-align: center\">34 mm<\/td>\n<td style=\"text-align: center\">K3000<\/td>\n<td style=\"text-align: center\">600 un.<\/td>\n<\/tr>\n<\/tbody>\n<\/table>\n<\/div>\n<\/div>\n<\/div>\n","protected":false},"excerpt":{"rendered":"<div>\n<p>Tolecut es un sistema de lijado en seco. Sin el uso de agua, siempre es posible ver hasta qu\u00e9 punto se ha eliminado la imperfecci\u00f3n. Gracias al resultado visible constante, el riesgo de lijar a trav\u00e9s de la capa de acabado se reduce al m\u00ednimo. Tolecut es \u00fanico en su poder de corte y su facilidad de uso lo convierte en una herramienta imprescindible para todo profesional.<\/p>\n<p>Se recomienda su uso con LIJADORA DE RETOQUE 31mm 910-3501.<\/p>\n<\/div>\n","protected":false},"featured_media":5630,"comment_status":"closed","ping_status":"closed","template":"","meta":[],"product_brand":[],"product_cat":[108,109,139],"product_tag":[],"class_list":{"0":"post-5615","1":"product","2":"type-product","3":"status-publish","4":"has-post-thumbnail","6":"product_cat-abrasivos","7":"product_cat-abrasivos-a-maquina","8":"product_cat-kovax","10":"first","11":"instock","12":"featured","13":"taxable","14":"shipping-taxable","15":"purchasable","16":"product-type-variable"},"aioseo_notices":[],"_links":{"self":[{"href":"https:\/\/www.ing-solvan.com\/en\/wp-json\/wp\/v2\/product\/5615","targetHints":{"allow":["GET"]}}],"collection":[{"href":"https:\/\/www.ing-solvan.com\/en\/wp-json\/wp\/v2\/product"}],"about":[{"href":"https:\/\/www.ing-solvan.com\/en\/wp-json\/wp\/v2\/types\/product"}],"replies":[{"embeddable":true,"href":"https:\/\/www.ing-solvan.com\/en\/wp-json\/wp\/v2\/comments?post=5615"}],"wp:featuredmedia":[{"embeddable":true,"href":"https:\/\/www.ing-solvan.com\/en\/wp-json\/wp\/v2\/media\/5630"}],"wp:attachment":[{"href":"https:\/\/www.ing-solvan.com\/en\/wp-json\/wp\/v2\/media?parent=5615"}],"wp:term":[{"taxonomy":"product_brand","embeddable":true,"href":"https:\/\/www.ing-solvan.com\/en\/wp-json\/wp\/v2\/product_brand?post=5615"},{"taxonomy":"product_cat","embeddable":true,"href":"https:\/\/www.ing-solvan.com\/en\/wp-json\/wp\/v2\/product_cat?post=5615"},{"taxonomy":"product_tag","embeddable":true,"href":"https:\/\/www.ing-solvan.com\/en\/wp-json\/wp\/v2\/product_tag?post=5615"}],"curies":[{"name":"wp","href":"https:\/\/api.w.org\/{rel}","templated":true}]}}