{"id":5583,"date":"2024-10-31T12:40:14","date_gmt":"2024-10-31T11:40:14","guid":{"rendered":"https:\/\/www.ing-solvan.com\/?post_type=product&#038;p=5583"},"modified":"2024-11-25T12:52:29","modified_gmt":"2024-11-25T11:52:29","slug":"hojas-tolecut-adherentes-1-4","status":"publish","type":"product","link":"https:\/\/www.ing-solvan.com\/en\/producto\/hojas-tolecut-adherentes-1-4\/","title":{"rendered":"HOJAS TOLECUT ADHERENTES STICK-ON 1\/4 70X29MM"},"content":{"rendered":"<div class=\"wprt-container\">\n<div class=\"table-responsive\">\n<div class=\"table-responsive wprt_style_display\">\n<p>&nbsp;<\/p>\n<table class=\"table\">\n<thead>\n<tr>\n<td style=\"text-align: center\"><strong>REFERENCIA<\/strong><\/td>\n<td style=\"text-align: center\"><strong>MEDIDAS<\/strong><\/td>\n<td style=\"text-align: center\"><strong>GRANO<\/strong><\/td>\n<td style=\"text-align: center\"><strong>UN\/CAJA<\/strong><\/td>\n<\/tr>\n<\/thead>\n<tbody>\n<tr>\n<td style=\"text-align: center\">191-1547<\/td>\n<td style=\"text-align: center\">70 x 29 mm<\/td>\n<td style=\"text-align: center\">K800<\/td>\n<td style=\"text-align: center\">100 un.<\/td>\n<\/tr>\n<tr>\n<td style=\"text-align: center\">191-1546<\/td>\n<td style=\"text-align: center\">70 x 29 mm<\/td>\n<td style=\"text-align: center\">K1200<\/td>\n<td style=\"text-align: center\">100 un.<\/td>\n<\/tr>\n<\/tbody>\n<\/table>\n<\/div>\n<\/div>\n<\/div>\n","protected":false},"excerpt":{"rendered":"<p>Tolecut es un sistema de lijado en seco. Sin el uso de agua, siempre es posible ver hasta qu\u00e9 punto se ha eliminado la imperfecci\u00f3n. Gracias al resultado visible constante, el riesgo de lijar a trav\u00e9s de la capa de acabado se reduce al m\u00ednimo. Tolecut es \u00fanico en su poder de corte y su facilidad de uso lo convierte en una herramienta imprescindible para todo profesional.<\/p>\n<p>Para eliminaci\u00f3n de corredores y mayores imperfecciones en superficies planas.<\/p>\n<p>Se recomienda su uso con TOLEBLOCK M 971-0055.<\/p>\n","protected":false},"featured_media":5592,"comment_status":"closed","ping_status":"closed","template":"","meta":[],"product_brand":[],"product_cat":[108,139],"product_tag":[],"class_list":{"0":"post-5583","1":"product","2":"type-product","3":"status-publish","4":"has-post-thumbnail","6":"product_cat-abrasivos","7":"product_cat-kovax","9":"first","10":"instock","11":"taxable","12":"shipping-taxable","13":"purchasable","14":"product-type-variable"},"aioseo_notices":[],"_links":{"self":[{"href":"https:\/\/www.ing-solvan.com\/en\/wp-json\/wp\/v2\/product\/5583","targetHints":{"allow":["GET"]}}],"collection":[{"href":"https:\/\/www.ing-solvan.com\/en\/wp-json\/wp\/v2\/product"}],"about":[{"href":"https:\/\/www.ing-solvan.com\/en\/wp-json\/wp\/v2\/types\/product"}],"replies":[{"embeddable":true,"href":"https:\/\/www.ing-solvan.com\/en\/wp-json\/wp\/v2\/comments?post=5583"}],"wp:featuredmedia":[{"embeddable":true,"href":"https:\/\/www.ing-solvan.com\/en\/wp-json\/wp\/v2\/media\/5592"}],"wp:attachment":[{"href":"https:\/\/www.ing-solvan.com\/en\/wp-json\/wp\/v2\/media?parent=5583"}],"wp:term":[{"taxonomy":"product_brand","embeddable":true,"href":"https:\/\/www.ing-solvan.com\/en\/wp-json\/wp\/v2\/product_brand?post=5583"},{"taxonomy":"product_cat","embeddable":true,"href":"https:\/\/www.ing-solvan.com\/en\/wp-json\/wp\/v2\/product_cat?post=5583"},{"taxonomy":"product_tag","embeddable":true,"href":"https:\/\/www.ing-solvan.com\/en\/wp-json\/wp\/v2\/product_tag?post=5583"}],"curies":[{"name":"wp","href":"https:\/\/api.w.org\/{rel}","templated":true}]}}