{"id":5556,"date":"2024-10-31T11:39:38","date_gmt":"2024-10-31T10:39:38","guid":{"rendered":"https:\/\/www.ing-solvan.com\/?post_type=product&#038;p=5556"},"modified":"2024-11-25T12:57:09","modified_gmt":"2024-11-25T11:57:09","slug":"hojas-tolecut-adherentes","status":"publish","type":"product","link":"https:\/\/www.ing-solvan.com\/en\/producto\/hojas-tolecut-adherentes\/","title":{"rendered":"HOJAS TOLECUT ADHERENTES STICK-ON 70X114MM"},"content":{"rendered":"<div class=\"wprt-container\">\n<div class=\"table-responsive\">\n<div class=\"table-responsive wprt_style_display\">\n<table class=\"table\">\n<thead>\n<tr>\n<td style=\"text-align: center\"><strong>REFERENCIA<\/strong><\/td>\n<td style=\"text-align: center\"><strong>MEDIDA<\/strong><\/td>\n<td style=\"text-align: center\"><strong>UN\/GRANO<\/strong><\/td>\n<td style=\"text-align: center\"><strong>UN\/CAJA<\/strong><\/td>\n<\/tr>\n<\/thead>\n<tbody>\n<tr>\n<td style=\"text-align: center\">191-1511<\/td>\n<td style=\"text-align: center\">70 x 114 mm<\/td>\n<td style=\"text-align: center\">K3000<\/td>\n<td style=\"text-align: center\">25 un.<\/td>\n<\/tr>\n<\/tbody>\n<\/table>\n<\/div>\n<\/div>\n<\/div>\n","protected":false},"excerpt":{"rendered":"<p>Tolecut es un sistema de lijado en seco. Sin el uso de agua, siempre es posible ver hasta qu\u00e9 punto se ha eliminado la imperfecci\u00f3n. Gracias al resultado visible constante, el riesgo de lijar a trav\u00e9s de la capa de acabado se reduce al m\u00ednimo. Tolecut es \u00fanico en su poder de corte y debido a su flexibilidad, al usar Tolecard, tambi\u00e9n es adecuado para \u00e1reas c\u00f3ncavas y convexas. La facilidad de uso lo convierte en una herramienta imprescindible para todo profesional.<\/p>\n<p>Se recomienda usar con TOLECARD 971-0048 o TOLEBLOCK QM 971-0059.<\/p>\n","protected":false},"featured_media":5559,"comment_status":"closed","ping_status":"closed","template":"","meta":[],"product_brand":[],"product_cat":[108,110,120,139],"product_tag":[],"class_list":{"0":"post-5556","1":"product","2":"type-product","3":"status-publish","4":"has-post-thumbnail","6":"product_cat-abrasivos","7":"product_cat-abrasivos-a-mano","8":"product_cat-herramientas-para-el-lijado","9":"product_cat-kovax","11":"first","12":"instock","13":"taxable","14":"shipping-taxable","15":"purchasable","16":"product-type-variable"},"aioseo_notices":[],"_links":{"self":[{"href":"https:\/\/www.ing-solvan.com\/en\/wp-json\/wp\/v2\/product\/5556","targetHints":{"allow":["GET"]}}],"collection":[{"href":"https:\/\/www.ing-solvan.com\/en\/wp-json\/wp\/v2\/product"}],"about":[{"href":"https:\/\/www.ing-solvan.com\/en\/wp-json\/wp\/v2\/types\/product"}],"replies":[{"embeddable":true,"href":"https:\/\/www.ing-solvan.com\/en\/wp-json\/wp\/v2\/comments?post=5556"}],"wp:featuredmedia":[{"embeddable":true,"href":"https:\/\/www.ing-solvan.com\/en\/wp-json\/wp\/v2\/media\/5559"}],"wp:attachment":[{"href":"https:\/\/www.ing-solvan.com\/en\/wp-json\/wp\/v2\/media?parent=5556"}],"wp:term":[{"taxonomy":"product_brand","embeddable":true,"href":"https:\/\/www.ing-solvan.com\/en\/wp-json\/wp\/v2\/product_brand?post=5556"},{"taxonomy":"product_cat","embeddable":true,"href":"https:\/\/www.ing-solvan.com\/en\/wp-json\/wp\/v2\/product_cat?post=5556"},{"taxonomy":"product_tag","embeddable":true,"href":"https:\/\/www.ing-solvan.com\/en\/wp-json\/wp\/v2\/product_tag?post=5556"}],"curies":[{"name":"wp","href":"https:\/\/api.w.org\/{rel}","templated":true}]}}