{"id":5522,"date":"2024-10-30T17:06:14","date_gmt":"2024-10-30T16:06:14","guid":{"rendered":"https:\/\/www.ing-solvan.com\/?post_type=product&#038;p=5522"},"modified":"2024-11-25T10:36:37","modified_gmt":"2024-11-25T09:36:37","slug":"almohadillas-de-mano-super-assilex-super-tack-hand-pads","status":"publish","type":"product","link":"https:\/\/www.ing-solvan.com\/en\/producto\/almohadillas-de-mano-super-assilex-super-tack-hand-pads\/","title":{"rendered":"ALMOHADILLAS DE MANO SUPER ASSILEX SUPER TACK HAND PADS"},"content":{"rendered":"<div class=\"wprt-container\">\n<div class=\"table-responsive\">\n<div class=\"table-responsive wprt_style_display\">\n<table class=\"table\">\n<thead>\n<tr>\n<td style=\"text-align: center\"><strong>REFERENCIA<\/strong><\/td>\n<td style=\"text-align: center\"><strong>MEDIDAS<\/strong><\/td>\n<td style=\"text-align: center\"><strong>DESCRIPCI\u00d3N<\/strong><\/td>\n<td style=\"text-align: center\"><strong>UN\/CAJA<\/strong><\/td>\n<\/tr>\n<\/thead>\n<tbody>\n<tr>\n<td style=\"text-align: center\">971-0025<\/td>\n<td style=\"text-align: center\">75 x 120 mm<\/td>\n<td style=\"text-align: center\">HandPad M<\/td>\n<td style=\"text-align: center\">4 un.<\/td>\n<\/tr>\n<\/tbody>\n<\/table>\n<\/div>\n<\/div>\n<\/div>\n","protected":false},"excerpt":{"rendered":"<p>Almohadilla de mano con dos esquinas sin v\u00e9lcro, para poder sacar f\u00e1cilmente la l\u00e1mina si da\u00f1ar la almohadilla.<\/p>\n","protected":false},"featured_media":5528,"comment_status":"closed","ping_status":"closed","template":"","meta":[],"product_brand":[],"product_cat":[120,111,139],"product_tag":[],"class_list":{"0":"post-5522","1":"product","2":"type-product","3":"status-publish","4":"has-post-thumbnail","6":"product_cat-herramientas-para-el-lijado","7":"product_cat-herramientas-y-accesorios","8":"product_cat-kovax","10":"first","11":"instock","12":"taxable","13":"shipping-taxable","14":"purchasable","15":"product-type-variable"},"aioseo_notices":[],"_links":{"self":[{"href":"https:\/\/www.ing-solvan.com\/en\/wp-json\/wp\/v2\/product\/5522","targetHints":{"allow":["GET"]}}],"collection":[{"href":"https:\/\/www.ing-solvan.com\/en\/wp-json\/wp\/v2\/product"}],"about":[{"href":"https:\/\/www.ing-solvan.com\/en\/wp-json\/wp\/v2\/types\/product"}],"replies":[{"embeddable":true,"href":"https:\/\/www.ing-solvan.com\/en\/wp-json\/wp\/v2\/comments?post=5522"}],"wp:featuredmedia":[{"embeddable":true,"href":"https:\/\/www.ing-solvan.com\/en\/wp-json\/wp\/v2\/media\/5528"}],"wp:attachment":[{"href":"https:\/\/www.ing-solvan.com\/en\/wp-json\/wp\/v2\/media?parent=5522"}],"wp:term":[{"taxonomy":"product_brand","embeddable":true,"href":"https:\/\/www.ing-solvan.com\/en\/wp-json\/wp\/v2\/product_brand?post=5522"},{"taxonomy":"product_cat","embeddable":true,"href":"https:\/\/www.ing-solvan.com\/en\/wp-json\/wp\/v2\/product_cat?post=5522"},{"taxonomy":"product_tag","embeddable":true,"href":"https:\/\/www.ing-solvan.com\/en\/wp-json\/wp\/v2\/product_tag?post=5522"}],"curies":[{"name":"wp","href":"https:\/\/api.w.org\/{rel}","templated":true}]}}