{"id":5301,"date":"2024-10-09T10:47:22","date_gmt":"2024-10-09T08:47:22","guid":{"rendered":"https:\/\/www.ing-solvan.com\/?post_type=product&#038;p=5301"},"modified":"2024-11-25T10:36:43","modified_gmt":"2024-11-25T09:36:43","slug":"hojas-super-assilex-super-tack","status":"publish","type":"product","link":"https:\/\/www.ing-solvan.com\/en\/producto\/hojas-super-assilex-super-tack\/","title":{"rendered":"HOJAS SUPER ASSILEX SUPER TACK"},"content":{"rendered":"<div class=\"wprt-container\">\n<div class=\"table-responsive\">\n<div class=\"table-responsive wprt_style_display\">\n<p>&nbsp;<\/p>\n<table class=\"table\">\n<thead>\n<tr>\n<td style=\"text-align: center\"><strong>REFERENCIA<\/strong><\/td>\n<td style=\"text-align: center\"><strong>MEDIDAS<\/strong><\/td>\n<td style=\"text-align: center\"><strong>GRANO<\/strong><\/td>\n<td style=\"text-align: center\"><strong>UN\/CAJA<\/strong><\/td>\n<\/tr>\n<\/thead>\n<tbody>\n<tr>\n<td style=\"text-align: center\">191-2517<\/td>\n<td style=\"text-align: center\">130 mm x 170 mm<\/td>\n<td style=\"text-align: center\">K240<\/td>\n<td style=\"text-align: center\">25 un.<\/td>\n<\/tr>\n<tr>\n<td style=\"text-align: center\">191-2515<\/td>\n<td style=\"text-align: center\">130 mm x 170 mm<\/td>\n<td style=\"text-align: center\">K320<\/td>\n<td style=\"text-align: center\">25 un.<\/td>\n<\/tr>\n<tr>\n<td style=\"text-align: center\">191-2513<\/td>\n<td style=\"text-align: center\">130 mm x 170 mm<\/td>\n<td style=\"text-align: center\">K400<\/td>\n<td style=\"text-align: center\">25 un.<\/td>\n<\/tr>\n<tr>\n<td style=\"text-align: center\">191-1508<\/td>\n<td style=\"text-align: center\">130 mm x 170 mm<\/td>\n<td style=\"text-align: center\">K600<\/td>\n<td style=\"text-align: center\">25 un.<\/td>\n<\/tr>\n<tr>\n<td style=\"text-align: center\">191-1509<\/td>\n<td style=\"text-align: center\">130 mm x 170 mm<\/td>\n<td style=\"text-align: center\">K800<\/td>\n<td style=\"text-align: center\">25 un.<\/td>\n<\/tr>\n<tr>\n<td style=\"text-align: center\">191-1510<\/td>\n<td style=\"text-align: center\">130 mm x 170 mm<\/td>\n<td style=\"text-align: center\">K1200<\/td>\n<td style=\"text-align: center\">25 un.<\/td>\n<\/tr>\n<\/tbody>\n<\/table>\n<\/div>\n<\/div>\n<\/div>\n","protected":false},"excerpt":{"rendered":"<p>Super assilex es un sistema innovador con respaldo de l\u00e1tex y estructura de grano \u00fanica dando como resultado rayas extremadamente uniformes y poco profundes. Los productos de Super Assilex le ayudan durante sus Trabajos de lijado diarios gracias al excelente rendimiento y velocidad de corte del Super Assilex. Esto da como resultado una mayor efici\u00e8ncia. Super Assilex evita possibles problemes en el resto del proceso de lijado.<\/p>\n<p>Hoja lija Super Assilex con l\u00ednea de perforaci\u00f3n. Se puede dividir f\u00e1cilmente en dos hojas de 130 x 85 MM.<\/p>\n","protected":false},"featured_media":5520,"comment_status":"closed","ping_status":"closed","template":"","meta":[],"product_brand":[],"product_cat":[108,139],"product_tag":[],"class_list":{"0":"post-5301","1":"product","2":"type-product","3":"status-publish","4":"has-post-thumbnail","6":"product_cat-abrasivos","7":"product_cat-kovax","9":"first","10":"instock","11":"taxable","12":"shipping-taxable","13":"purchasable","14":"product-type-variable"},"aioseo_notices":[],"_links":{"self":[{"href":"https:\/\/www.ing-solvan.com\/en\/wp-json\/wp\/v2\/product\/5301","targetHints":{"allow":["GET"]}}],"collection":[{"href":"https:\/\/www.ing-solvan.com\/en\/wp-json\/wp\/v2\/product"}],"about":[{"href":"https:\/\/www.ing-solvan.com\/en\/wp-json\/wp\/v2\/types\/product"}],"replies":[{"embeddable":true,"href":"https:\/\/www.ing-solvan.com\/en\/wp-json\/wp\/v2\/comments?post=5301"}],"wp:featuredmedia":[{"embeddable":true,"href":"https:\/\/www.ing-solvan.com\/en\/wp-json\/wp\/v2\/media\/5520"}],"wp:attachment":[{"href":"https:\/\/www.ing-solvan.com\/en\/wp-json\/wp\/v2\/media?parent=5301"}],"wp:term":[{"taxonomy":"product_brand","embeddable":true,"href":"https:\/\/www.ing-solvan.com\/en\/wp-json\/wp\/v2\/product_brand?post=5301"},{"taxonomy":"product_cat","embeddable":true,"href":"https:\/\/www.ing-solvan.com\/en\/wp-json\/wp\/v2\/product_cat?post=5301"},{"taxonomy":"product_tag","embeddable":true,"href":"https:\/\/www.ing-solvan.com\/en\/wp-json\/wp\/v2\/product_tag?post=5301"}],"curies":[{"name":"wp","href":"https:\/\/api.w.org\/{rel}","templated":true}]}}