{"id":3869,"date":"2024-07-12T12:33:14","date_gmt":"2024-07-12T10:33:14","guid":{"rendered":"https:\/\/www.ing-solvan.com\/?post_type=product&#038;p=3869"},"modified":"2024-11-29T12:38:10","modified_gmt":"2024-11-29T11:38:10","slug":"discos-descontaminantes","status":"publish","type":"product","link":"https:\/\/www.ing-solvan.com\/en\/producto\/discos-descontaminantes\/","title":{"rendered":"DISCOS DESCONTAMINANTES"},"content":{"rendered":"<div class=\"wprt-container\">\n<div class=\"table-responsive\">\n<div class=\"table-responsive wprt_style_display\">\n<table class=\"table\">\n<thead>\n<tr>\n<td style=\"text-align: center\"><strong>REFERENCIA<\/strong><\/td>\n<td style=\"text-align: center\"><strong>COLOR<\/strong><\/td>\n<td style=\"text-align: center\"><strong>GRADO<\/strong><\/td>\n<td style=\"text-align: center\"><strong>TAMA\u00d1O<\/strong><\/td>\n<td style=\"text-align: center\"><strong>UN\/CAJA<\/strong><\/td>\n<\/tr>\n<\/thead>\n<tbody>\n<tr>\n<td style=\"text-align: center\">2004-001080<\/td>\n<td style=\"text-align: center\">Azul<\/td>\n<td style=\"text-align: center\">Medio<\/td>\n<td style=\"text-align: center\">150 mm<\/td>\n<td style=\"text-align: center\">1 un.<\/td>\n<\/tr>\n<tr>\n<td style=\"text-align: center\">2004-001081<\/td>\n<td style=\"text-align: center\">Verde<\/td>\n<td style=\"text-align: center\">Duro<\/td>\n<td style=\"text-align: center\">150 mm<\/td>\n<td style=\"text-align: center\">1 un.<\/td>\n<\/tr>\n<\/tbody>\n<\/table>\n<\/div>\n<\/div>\n<\/div>\n","protected":false},"excerpt":{"rendered":"<p>Disco descontaminante con base de arcilla ergon\u00f3mico, para eliminar todo tipo de pulverizados en pinturas de carrocer\u00edas. Elimina f\u00e1cilmente rugosidad, impregnaciones externas<br \/>\nproyectadas y qu\u00edmicas, resinas de \u00e1rboles y otras. F\u00e1cil de aplicar con base velcro y foam para su mejor adaptaci\u00f3n a la geometr\u00eda de la carrocer\u00eda.<\/p>\n<p>Aplicar mediante lijadora orbital o tambi\u00e9n manual.<\/p>\n<p>Es necesario aplicar lubricante EASY SANDING, para su mejor lubricaci\u00f3n, rendimiento y efectividad.<\/p>\n<p>Disponible disco medio azul y disco duro verde.<\/p>\n<p>* Tama\u00f1o: \u03a6150x13mm<\/p>\n","protected":false},"featured_media":3874,"comment_status":"closed","ping_status":"closed","template":"","meta":[],"product_brand":[],"product_cat":[119,111],"product_tag":[],"class_list":{"0":"post-3869","1":"product","2":"type-product","3":"status-publish","4":"has-post-thumbnail","6":"product_cat-accesorios-para-el-pulido","7":"product_cat-herramientas-y-accesorios","9":"first","10":"instock","11":"taxable","12":"shipping-taxable","13":"purchasable","14":"product-type-variable"},"aioseo_notices":[],"_links":{"self":[{"href":"https:\/\/www.ing-solvan.com\/en\/wp-json\/wp\/v2\/product\/3869","targetHints":{"allow":["GET"]}}],"collection":[{"href":"https:\/\/www.ing-solvan.com\/en\/wp-json\/wp\/v2\/product"}],"about":[{"href":"https:\/\/www.ing-solvan.com\/en\/wp-json\/wp\/v2\/types\/product"}],"replies":[{"embeddable":true,"href":"https:\/\/www.ing-solvan.com\/en\/wp-json\/wp\/v2\/comments?post=3869"}],"wp:featuredmedia":[{"embeddable":true,"href":"https:\/\/www.ing-solvan.com\/en\/wp-json\/wp\/v2\/media\/3874"}],"wp:attachment":[{"href":"https:\/\/www.ing-solvan.com\/en\/wp-json\/wp\/v2\/media?parent=3869"}],"wp:term":[{"taxonomy":"product_brand","embeddable":true,"href":"https:\/\/www.ing-solvan.com\/en\/wp-json\/wp\/v2\/product_brand?post=3869"},{"taxonomy":"product_cat","embeddable":true,"href":"https:\/\/www.ing-solvan.com\/en\/wp-json\/wp\/v2\/product_cat?post=3869"},{"taxonomy":"product_tag","embeddable":true,"href":"https:\/\/www.ing-solvan.com\/en\/wp-json\/wp\/v2\/product_tag?post=3869"}],"curies":[{"name":"wp","href":"https:\/\/api.w.org\/{rel}","templated":true}]}}