{"id":3861,"date":"2024-07-12T12:24:37","date_gmt":"2024-07-12T10:24:37","guid":{"rendered":"https:\/\/www.ing-solvan.com\/?post_type=product&#038;p=3861"},"modified":"2026-04-09T08:34:32","modified_gmt":"2026-04-09T06:34:32","slug":"regulador-de-aire-crs","status":"publish","type":"product","link":"https:\/\/www.ing-solvan.com\/en\/producto\/regulador-de-aire-crs\/","title":{"rendered":"REGULADOR DE AIRE CRS"},"content":{"rendered":"<div class=\"wprt-container\">\n<div class=\"table-responsive\">\n<div class=\"table-responsive wprt_style_display\">\n<table class=\"table\">\n<thead>\n<tr>\n<td style=\"text-align: center\"><strong>REFERENCIA<\/strong><\/td>\n<td style=\"text-align: center\"><strong>UN\/CAJA<\/strong><\/td>\n<\/tr>\n<\/thead>\n<tbody>\n<tr>\n<td style=\"text-align: center\">1002-007102<\/td>\n<td style=\"text-align: center\">1 un.<\/td>\n<\/tr>\n<\/tbody>\n<\/table>\n<\/div>\n<\/div>\n<\/div>\n","protected":false},"excerpt":{"rendered":"<p>Regulador anal\u00f3gico de presi\u00f3n de aire para pistolas de pintar. Incluye un nuevo man\u00f3metro indicador de presi\u00f3n m\u00e1s compacto y resistente, adem\u00e1s de un cuerpo forjado en aluminio anodizado. Incorpora un nuevo sistema de jaci\u00f3n a la pistola sin necesidad de ninguna herramienta.<\/p>\n","protected":false},"featured_media":3862,"comment_status":"closed","ping_status":"closed","template":"","meta":[],"product_brand":[],"product_cat":[116,111],"product_tag":[],"class_list":{"0":"post-3861","1":"product","2":"type-product","3":"status-publish","4":"has-post-thumbnail","6":"product_cat-accesorios-para-pistolas","7":"product_cat-herramientas-y-accesorios","9":"first","10":"instock","11":"taxable","12":"shipping-taxable","13":"purchasable","14":"product-type-simple"},"aioseo_notices":[],"_links":{"self":[{"href":"https:\/\/www.ing-solvan.com\/en\/wp-json\/wp\/v2\/product\/3861","targetHints":{"allow":["GET"]}}],"collection":[{"href":"https:\/\/www.ing-solvan.com\/en\/wp-json\/wp\/v2\/product"}],"about":[{"href":"https:\/\/www.ing-solvan.com\/en\/wp-json\/wp\/v2\/types\/product"}],"replies":[{"embeddable":true,"href":"https:\/\/www.ing-solvan.com\/en\/wp-json\/wp\/v2\/comments?post=3861"}],"wp:featuredmedia":[{"embeddable":true,"href":"https:\/\/www.ing-solvan.com\/en\/wp-json\/wp\/v2\/media\/3862"}],"wp:attachment":[{"href":"https:\/\/www.ing-solvan.com\/en\/wp-json\/wp\/v2\/media?parent=3861"}],"wp:term":[{"taxonomy":"product_brand","embeddable":true,"href":"https:\/\/www.ing-solvan.com\/en\/wp-json\/wp\/v2\/product_brand?post=3861"},{"taxonomy":"product_cat","embeddable":true,"href":"https:\/\/www.ing-solvan.com\/en\/wp-json\/wp\/v2\/product_cat?post=3861"},{"taxonomy":"product_tag","embeddable":true,"href":"https:\/\/www.ing-solvan.com\/en\/wp-json\/wp\/v2\/product_tag?post=3861"}],"curies":[{"name":"wp","href":"https:\/\/api.w.org\/{rel}","templated":true}]}}