{"id":3754,"date":"2024-07-12T10:57:26","date_gmt":"2024-07-12T08:57:26","guid":{"rendered":"https:\/\/www.ing-solvan.com\/?post_type=product&#038;p=3754"},"modified":"2024-11-29T13:04:49","modified_gmt":"2024-11-29T12:04:49","slug":"guantes-super-top-pro","status":"publish","type":"product","link":"https:\/\/www.ing-solvan.com\/en\/producto\/guantes-super-top-pro\/","title":{"rendered":"GUANTES SUPER TOP PRO"},"content":{"rendered":"<div class=\"wprt-container\">\n<div class=\"table-responsive\">\n<div class=\"table-responsive wprt_style_display\">\n<table class=\"table\">\n<thead>\n<tr>\n<td style=\"text-align: center\"><strong>REFERENCIA<\/strong><\/td>\n<td style=\"text-align: center\"><strong>TALLA<\/strong><\/td>\n<td style=\"text-align: center\"><strong>ENVASE<\/strong><\/td>\n<\/tr>\n<\/thead>\n<tbody>\n<tr>\n<td style=\"text-align: center\">2010-001714<\/td>\n<td style=\"text-align: center\">M<\/td>\n<td style=\"text-align: center\">10 cajas<\/td>\n<\/tr>\n<tr>\n<td style=\"text-align: center\">2010-001715<\/td>\n<td style=\"text-align: center\">L<\/td>\n<td style=\"text-align: center\">10 cajas<\/td>\n<\/tr>\n<tr>\n<td style=\"text-align: center\">2010-001716<\/td>\n<td style=\"text-align: center\">XL<\/td>\n<td style=\"text-align: center\">10 cajas<\/td>\n<\/tr>\n<\/tbody>\n<\/table>\n<\/div>\n<\/div>\n<\/div>\n","protected":false},"excerpt":{"rendered":"<p>Guante de l\u00e1tex reforzado de excelente resistencia a productos qu\u00edmicos, especialmente disolventes de limpieza. 13 micras de espesor. Ambidiestros y muy el\u00e1sticos.<\/p>\n<p>&nbsp;<\/p>\n","protected":false},"featured_media":3759,"comment_status":"closed","ping_status":"closed","template":"","meta":[],"product_brand":[],"product_cat":[107,104],"product_tag":[],"class_list":{"0":"post-3754","1":"product","2":"type-product","3":"status-publish","4":"has-post-thumbnail","6":"product_cat-guentes-de-proteccion","7":"product_cat-prteccion-personal","9":"first","10":"instock","11":"taxable","12":"shipping-taxable","13":"purchasable","14":"product-type-variable"},"aioseo_notices":[],"_links":{"self":[{"href":"https:\/\/www.ing-solvan.com\/en\/wp-json\/wp\/v2\/product\/3754","targetHints":{"allow":["GET"]}}],"collection":[{"href":"https:\/\/www.ing-solvan.com\/en\/wp-json\/wp\/v2\/product"}],"about":[{"href":"https:\/\/www.ing-solvan.com\/en\/wp-json\/wp\/v2\/types\/product"}],"replies":[{"embeddable":true,"href":"https:\/\/www.ing-solvan.com\/en\/wp-json\/wp\/v2\/comments?post=3754"}],"wp:featuredmedia":[{"embeddable":true,"href":"https:\/\/www.ing-solvan.com\/en\/wp-json\/wp\/v2\/media\/3759"}],"wp:attachment":[{"href":"https:\/\/www.ing-solvan.com\/en\/wp-json\/wp\/v2\/media?parent=3754"}],"wp:term":[{"taxonomy":"product_brand","embeddable":true,"href":"https:\/\/www.ing-solvan.com\/en\/wp-json\/wp\/v2\/product_brand?post=3754"},{"taxonomy":"product_cat","embeddable":true,"href":"https:\/\/www.ing-solvan.com\/en\/wp-json\/wp\/v2\/product_cat?post=3754"},{"taxonomy":"product_tag","embeddable":true,"href":"https:\/\/www.ing-solvan.com\/en\/wp-json\/wp\/v2\/product_tag?post=3754"}],"curies":[{"name":"wp","href":"https:\/\/api.w.org\/{rel}","templated":true}]}}