{"id":3745,"date":"2024-07-12T10:51:49","date_gmt":"2024-07-12T08:51:49","guid":{"rendered":"https:\/\/www.ing-solvan.com\/?post_type=product&#038;p=3745"},"modified":"2025-10-26T09:24:46","modified_gmt":"2025-10-26T08:24:46","slug":"bata-de-pintor-gris","status":"publish","type":"product","link":"https:\/\/www.ing-solvan.com\/en\/producto\/bata-de-pintor-gris\/","title":{"rendered":"BATA DE PINTOR GRIS"},"content":{"rendered":"<div class=\"wprt-container\">\n<div class=\"table-responsive\">\n<div class=\"table-responsive wprt_style_display\">\n<table class=\"table\">\n<thead>\n<tr>\n<td style=\"text-align: center\"><strong>REFERENCIA<\/strong><\/td>\n<td style=\"text-align: center\"><strong>TALLA<\/strong><\/td>\n<td style=\"text-align: center\"><strong>FICHA T\u00c9CNICA<\/strong><\/td>\n<\/tr>\n<\/thead>\n<tbody>\n<tr>\n<td style=\"text-align: center\">2009-001010<\/td>\n<td style=\"text-align: center\">M<\/td>\n<td rowspan=\"4\"><a href=\"\/wp-content\/uploads\/2024\/07\/TDS_ES_2009-001010-BATA-DE-PINTOR-GRIS.pdf\" target=\"_blank\" rel=\"noopener\"><img decoding=\"async\" class=\"aligncenter wp-image-3298\" src=\"https:\/\/www.ing-solvan.com\/wp-content\/uploads\/2024\/07\/icono-tecnica-1.png\" alt=\"\" width=\"25\" height=\"25\" \/><\/a><\/td>\n<\/tr>\n<tr>\n<td style=\"text-align: center\">2009-001011<\/td>\n<td style=\"text-align: center\">L<\/td>\n<\/tr>\n<tr>\n<td style=\"text-align: center\">2009-001012<\/td>\n<td style=\"text-align: center\">XL<\/td>\n<\/tr>\n<tr>\n<td style=\"text-align: center\">2009-001013<\/td>\n<td style=\"text-align: center\">XXL<\/td>\n<\/tr>\n<\/tbody>\n<\/table>\n<\/div>\n<\/div>\n<\/div>\n","protected":false},"excerpt":{"rendered":"<p>Bata de Pintor Gris, desarrollada con precisi\u00f3n para satisfacer las necesidades de los operarios m\u00e1s exigentes, esta bata ofrece una combinaci\u00f3n \u00fanica de funcionalidad y estilo.<\/p>\n<ul>\n<li>Sin Silicona: Garantizando pureza y calidad en cada uso, la Bata de Pintor Gris est\u00e1 libre de silicona, ofreciendo una soluci\u00f3n confiable para los desaf\u00edos de la repintura automotriz.<\/li>\n<li>EPI Categor\u00eda I: En conformidad con la Directiva de la UE 2016\/425, esta bata est\u00e1 clasificada como Equipo de Protecci\u00f3n Individual (EPI) de Categor\u00eda I, asegurando la seguridad y el bienestar del usuario durante el trabajo.<\/li>\n<li>Cierre con Tira de Protecci\u00f3n: Equipada con un cierre robusto y una tira de protecci\u00f3n, la bata ofrece practicidad y seguridad, garantizando un ajuste perfecto y c\u00f3modo.<\/li>\n<li>Capucha con Cord\u00f3n: La capucha ajustable con cord\u00f3n proporciona una protecci\u00f3n adicional, asegurando que el usuario est\u00e9 preparado para diversas condiciones de trabajo.<\/li>\n<li>Bolsillos Funcionales: Con un bolsillo en el pecho y dos bolsillos laterales, la bata proporciona espacio conveniente para almacenar herramientas y accesorios esenciales, manteni\u00e9ndolo todo al alcance del usuario.<\/li>\n<li>Pu\u00f1os El\u00e1sticos en las Mu\u00f1ecas: Los pu\u00f1os el\u00e1sticos en las mu\u00f1ecas brindan comodidad y ajuste seguro, evitando la entrada de suciedad no deseada durante las actividades de repintura.<\/li>\n<li>F\u00e1cil Mantenimiento: La Bata de Pintor Gris es lavable hasta 40 \u00b0C o puede someterse a limpieza en seco, asegurando una durabilidad prolongada y facilitando su mantenimiento.<\/li>\n<\/ul>\n","protected":false},"featured_media":3751,"comment_status":"closed","ping_status":"closed","template":"","meta":[],"product_brand":[],"product_cat":[106,104],"product_tag":[],"class_list":{"0":"post-3745","1":"product","2":"type-product","3":"status-publish","4":"has-post-thumbnail","6":"product_cat-bata-de-pintor","7":"product_cat-prteccion-personal","9":"first","10":"instock","11":"taxable","12":"shipping-taxable","13":"purchasable","14":"product-type-variable"},"aioseo_notices":[],"_links":{"self":[{"href":"https:\/\/www.ing-solvan.com\/en\/wp-json\/wp\/v2\/product\/3745","targetHints":{"allow":["GET"]}}],"collection":[{"href":"https:\/\/www.ing-solvan.com\/en\/wp-json\/wp\/v2\/product"}],"about":[{"href":"https:\/\/www.ing-solvan.com\/en\/wp-json\/wp\/v2\/types\/product"}],"replies":[{"embeddable":true,"href":"https:\/\/www.ing-solvan.com\/en\/wp-json\/wp\/v2\/comments?post=3745"}],"wp:featuredmedia":[{"embeddable":true,"href":"https:\/\/www.ing-solvan.com\/en\/wp-json\/wp\/v2\/media\/3751"}],"wp:attachment":[{"href":"https:\/\/www.ing-solvan.com\/en\/wp-json\/wp\/v2\/media?parent=3745"}],"wp:term":[{"taxonomy":"product_brand","embeddable":true,"href":"https:\/\/www.ing-solvan.com\/en\/wp-json\/wp\/v2\/product_brand?post=3745"},{"taxonomy":"product_cat","embeddable":true,"href":"https:\/\/www.ing-solvan.com\/en\/wp-json\/wp\/v2\/product_cat?post=3745"},{"taxonomy":"product_tag","embeddable":true,"href":"https:\/\/www.ing-solvan.com\/en\/wp-json\/wp\/v2\/product_tag?post=3745"}],"curies":[{"name":"wp","href":"https:\/\/api.w.org\/{rel}","templated":true}]}}