{"id":3722,"date":"2024-07-12T10:33:46","date_gmt":"2024-07-12T08:33:46","guid":{"rendered":"https:\/\/www.ing-solvan.com\/?post_type=product&#038;p=3722"},"modified":"2025-03-04T10:23:34","modified_gmt":"2025-03-04T09:23:34","slug":"cinta-lifting-brown-precortada","status":"publish","type":"product","link":"https:\/\/www.ing-solvan.com\/en\/producto\/cinta-lifting-brown-precortada\/","title":{"rendered":"CINTA LIFTING BROWN PRECORTADA"},"content":{"rendered":"<div class=\"wprt-container\">\n<div class=\"table-responsive\">\n<div class=\"table-responsive wprt_style_display\">\n<table class=\"table\">\n<thead>\n<tr>\n<td style=\"text-align: center\"><strong>REFERENCIA<\/strong><\/td>\n<td style=\"text-align: center\"><strong>MEDIDAS<\/strong><\/td>\n<\/tr>\n<\/thead>\n<tbody>\n<tr>\n<td style=\"text-align: center\">2002-004071<\/td>\n<td style=\"text-align: center\">10 mm x 10 m<\/td>\n<\/tr>\n<tr>\n<td style=\"text-align: center\">2002-004072<\/td>\n<td style=\"text-align: center\">15 mm x 10 m<\/td>\n<\/tr>\n<\/tbody>\n<\/table>\n<\/div>\n<\/div>\n<\/div>\n","protected":false},"excerpt":{"rendered":"<p>Cinta levanta gomas de primera calidad para el enmascarado de gomas de la carrocer\u00eda del autom\u00f3vil, separando con facilidad la goma de la superficie a pintar para conseguir una pulverizaci\u00f3n limpia y original de f\u00e1brica, sin generar rebordes de pintura entre uniones de gomas y carrocer\u00eda.<\/p>\n<p>&nbsp;<\/p>\n","protected":false},"featured_media":3725,"comment_status":"closed","ping_status":"closed","template":"","meta":[],"product_brand":[],"product_cat":[102,94],"product_tag":[],"class_list":{"0":"post-3722","1":"product","2":"type-product","3":"status-publish","4":"has-post-thumbnail","6":"product_cat-cintas-levanta-gomas","7":"product_cat-sistemas-de-emascarado-y-proteccion","9":"first","10":"instock","11":"taxable","12":"shipping-taxable","13":"purchasable","14":"product-type-variable"},"aioseo_notices":[],"_links":{"self":[{"href":"https:\/\/www.ing-solvan.com\/en\/wp-json\/wp\/v2\/product\/3722","targetHints":{"allow":["GET"]}}],"collection":[{"href":"https:\/\/www.ing-solvan.com\/en\/wp-json\/wp\/v2\/product"}],"about":[{"href":"https:\/\/www.ing-solvan.com\/en\/wp-json\/wp\/v2\/types\/product"}],"replies":[{"embeddable":true,"href":"https:\/\/www.ing-solvan.com\/en\/wp-json\/wp\/v2\/comments?post=3722"}],"wp:featuredmedia":[{"embeddable":true,"href":"https:\/\/www.ing-solvan.com\/en\/wp-json\/wp\/v2\/media\/3725"}],"wp:attachment":[{"href":"https:\/\/www.ing-solvan.com\/en\/wp-json\/wp\/v2\/media?parent=3722"}],"wp:term":[{"taxonomy":"product_brand","embeddable":true,"href":"https:\/\/www.ing-solvan.com\/en\/wp-json\/wp\/v2\/product_brand?post=3722"},{"taxonomy":"product_cat","embeddable":true,"href":"https:\/\/www.ing-solvan.com\/en\/wp-json\/wp\/v2\/product_cat?post=3722"},{"taxonomy":"product_tag","embeddable":true,"href":"https:\/\/www.ing-solvan.com\/en\/wp-json\/wp\/v2\/product_tag?post=3722"}],"curies":[{"name":"wp","href":"https:\/\/api.w.org\/{rel}","templated":true}]}}