{"id":3702,"date":"2024-07-12T09:47:31","date_gmt":"2024-07-12T07:47:31","guid":{"rendered":"https:\/\/www.ing-solvan.com\/?post_type=product&#038;p=3702"},"modified":"2026-01-14T11:24:54","modified_gmt":"2026-01-14T10:24:54","slug":"cinta-de-enmascarar-8010","status":"publish","type":"product","link":"https:\/\/www.ing-solvan.com\/en\/producto\/cinta-de-enmascarar-8010\/","title":{"rendered":"CINTA DE ENMASCARAR 8010"},"content":{"rendered":"<div class=\"wprt-container\">\n<div class=\"table-responsive\">\n<div class=\"table-responsive wprt_style_display\">\n<table class=\"table\">\n<thead>\n<tr>\n<td style=\"text-align: center\"><strong>REFERENCIA<\/strong><\/td>\n<td style=\"text-align: center\"><strong>MEDIDAS<\/strong><\/td>\n<td style=\"text-align: center\"><strong>CAJA<\/strong><\/td>\n<td style=\"text-align: center\"><strong>FICHA T\u00c9CNICA<\/strong><\/td>\n<\/tr>\n<\/thead>\n<tbody>\n<tr>\n<td style=\"text-align: center\">2002-003018<\/td>\n<td style=\"text-align: center\">18 mm x 45 m<\/td>\n<td style=\"text-align: center\">96 unidades<\/td>\n<td rowspan=\"4\"><a href=\"\/wp-content\/uploads\/2024\/07\/TDS_ES_2002-003018_CINTA-ENMASCARAR-8010-1.pdf\" target=\"_blank\" rel=\"noopener\"><img decoding=\"async\" class=\"aligncenter wp-image-3298\" src=\"https:\/\/www.ing-solvan.com\/wp-content\/uploads\/2024\/07\/icono-tecnica-1.png\" alt=\"\" width=\"25\" height=\"25\" \/><\/a><\/td>\n<\/tr>\n<tr>\n<td style=\"text-align: center\">2002-003024<\/td>\n<td style=\"text-align: center\">24 mm x 45 m<\/td>\n<td style=\"text-align: center\">72 unidades<\/td>\n<\/tr>\n<tr>\n<td style=\"text-align: center\">2002-003036<\/td>\n<td style=\"text-align: center\">36 mm x 45 m<\/td>\n<td style=\"text-align: center\">48 unidades<\/td>\n<\/tr>\n<tr>\n<td style=\"text-align: center\">2002-003048<\/td>\n<td style=\"text-align: center\">48 mm x 45 m<\/td>\n<td style=\"text-align: center\">36 unidades<\/td>\n<\/tr>\n<\/tbody>\n<\/table>\n<\/div>\n<\/div>\n<\/div>\n","protected":false},"excerpt":{"rendered":"<p>Cinta de enmascarar profesional para autom\u00f3viles con soporte de papel crep\u00e9 y adhesivo con base de disolvente, dise\u00f1ada para cualquier tipo de pintura y aplicaciones con ciclos de secado a alta temperatura, hasta 100\u00b0C durante 60 min.<\/p>\n<p>Nuestra cinta de enmascarar 8010 se adapta perfectamente a superficies irregulares y garantiza bordes lisos. Funciona con cinta superpuesta, con papel y film de enmascarar con buen poder de sujeci\u00f3n. Se retira f\u00e1cil y limpiamente, sin dejar restos de cola en la superficie de aplicaci\u00f3n.<\/p>\n<p>DATOS T\u00c9CNICOS:<\/p>\n<ul>\n<li>Peso Total 90 g\/m2<\/li>\n<li>Espesor Total 120\u03bc<\/li>\n<li>Resistencia a la tracci\u00f3n 38 N\/cm<\/li>\n<li>Fuerza de tracci\u00f3n 7%<\/li>\n<li>Adherencia a la chapa 2 N\/cm<\/li>\n<li>Temperatura m\u00e1xima 100\u00b0C<\/li>\n<\/ul>\n<p>CARACTER\u00cdSTICAS<\/p>\n<ul>\n<li>Excelente poder de adhesi\u00f3n<\/li>\n<li>Adecuado para la mayor\u00eda de pinturas comunes con base de agua y disolvente<\/li>\n<li>Eliminaci\u00f3n limpia tras un ciclo de secado a 100\u00b0C (1 hora)<\/li>\n<li>Excelente adherencia sobre metal pintado, caucho y vidrio<\/li>\n<li>R\u00e1pida adhesi\u00f3n<\/li>\n<\/ul>\n","protected":false},"featured_media":3710,"comment_status":"closed","ping_status":"closed","template":"","meta":[],"product_brand":[],"product_cat":[99,94],"product_tag":[],"class_list":{"0":"post-3702","1":"product","2":"type-product","3":"status-publish","4":"has-post-thumbnail","6":"product_cat-cintas-de-carrocero","7":"product_cat-sistemas-de-emascarado-y-proteccion","9":"first","10":"instock","11":"taxable","12":"shipping-taxable","13":"purchasable","14":"product-type-variable"},"aioseo_notices":[],"_links":{"self":[{"href":"https:\/\/www.ing-solvan.com\/en\/wp-json\/wp\/v2\/product\/3702","targetHints":{"allow":["GET"]}}],"collection":[{"href":"https:\/\/www.ing-solvan.com\/en\/wp-json\/wp\/v2\/product"}],"about":[{"href":"https:\/\/www.ing-solvan.com\/en\/wp-json\/wp\/v2\/types\/product"}],"replies":[{"embeddable":true,"href":"https:\/\/www.ing-solvan.com\/en\/wp-json\/wp\/v2\/comments?post=3702"}],"wp:featuredmedia":[{"embeddable":true,"href":"https:\/\/www.ing-solvan.com\/en\/wp-json\/wp\/v2\/media\/3710"}],"wp:attachment":[{"href":"https:\/\/www.ing-solvan.com\/en\/wp-json\/wp\/v2\/media?parent=3702"}],"wp:term":[{"taxonomy":"product_brand","embeddable":true,"href":"https:\/\/www.ing-solvan.com\/en\/wp-json\/wp\/v2\/product_brand?post=3702"},{"taxonomy":"product_cat","embeddable":true,"href":"https:\/\/www.ing-solvan.com\/en\/wp-json\/wp\/v2\/product_cat?post=3702"},{"taxonomy":"product_tag","embeddable":true,"href":"https:\/\/www.ing-solvan.com\/en\/wp-json\/wp\/v2\/product_tag?post=3702"}],"curies":[{"name":"wp","href":"https:\/\/api.w.org\/{rel}","templated":true}]}}