{"id":3679,"date":"2024-07-11T17:43:50","date_gmt":"2024-07-11T15:43:50","guid":{"rendered":"https:\/\/www.ing-solvan.com\/?post_type=product&#038;p=3679"},"modified":"2024-11-29T13:35:21","modified_gmt":"2024-11-29T12:35:21","slug":"film-de-enmascarar","status":"publish","type":"product","link":"https:\/\/www.ing-solvan.com\/en\/producto\/film-de-enmascarar\/","title":{"rendered":"FILM DE ENMASCARAR"},"content":{"rendered":"<div class=\"wprt-container\">\n<div class=\"table-responsive\">\n<div class=\"table-responsive wprt_style_display\">\n<table class=\"table\">\n<thead>\n<tr>\n<td style=\"text-align: center\"><strong>REFERENCIA<\/strong><\/td>\n<td style=\"text-align: center\"><strong>MEDIDAS<\/strong><\/td>\n<td style=\"text-align: center\"><strong>MICRAS<\/strong><\/td>\n<\/tr>\n<\/thead>\n<tbody>\n<tr>\n<td style=\"text-align: center\">2001-001588<\/td>\n<td style=\"text-align: center\">400 cm x 300 m<\/td>\n<td style=\"text-align: center\">8 \u00b5m<\/td>\n<\/tr>\n<\/tbody>\n<\/table>\n<\/div>\n<\/div>\n<\/div>\n","protected":false},"excerpt":{"rendered":"<p>Film pl\u00e1stico de 8 y 10 micras de diferentes tama\u00f1os para el enmascarado r\u00e1pido de carrocer\u00edas.<\/p>\n<p>Especialmente tratado por su cara exterior para garantizar la adherencia del pulverizado de la pintura. La cara interior se adhiere est\u00e1ticamente a la carrocer\u00eda. Cara exterior impresa con la marca para facilitar la colocaci\u00f3n correcta.<\/p>\n","protected":false},"featured_media":3681,"comment_status":"closed","ping_status":"closed","template":"","meta":[],"product_brand":[],"product_cat":[96,94],"product_tag":[],"class_list":{"0":"post-3679","1":"product","2":"type-product","3":"status-publish","4":"has-post-thumbnail","6":"product_cat-film-de-enmascarar","7":"product_cat-sistemas-de-emascarado-y-proteccion","9":"first","10":"instock","11":"taxable","12":"shipping-taxable","13":"purchasable","14":"product-type-simple"},"aioseo_notices":[],"_links":{"self":[{"href":"https:\/\/www.ing-solvan.com\/en\/wp-json\/wp\/v2\/product\/3679","targetHints":{"allow":["GET"]}}],"collection":[{"href":"https:\/\/www.ing-solvan.com\/en\/wp-json\/wp\/v2\/product"}],"about":[{"href":"https:\/\/www.ing-solvan.com\/en\/wp-json\/wp\/v2\/types\/product"}],"replies":[{"embeddable":true,"href":"https:\/\/www.ing-solvan.com\/en\/wp-json\/wp\/v2\/comments?post=3679"}],"wp:featuredmedia":[{"embeddable":true,"href":"https:\/\/www.ing-solvan.com\/en\/wp-json\/wp\/v2\/media\/3681"}],"wp:attachment":[{"href":"https:\/\/www.ing-solvan.com\/en\/wp-json\/wp\/v2\/media?parent=3679"}],"wp:term":[{"taxonomy":"product_brand","embeddable":true,"href":"https:\/\/www.ing-solvan.com\/en\/wp-json\/wp\/v2\/product_brand?post=3679"},{"taxonomy":"product_cat","embeddable":true,"href":"https:\/\/www.ing-solvan.com\/en\/wp-json\/wp\/v2\/product_cat?post=3679"},{"taxonomy":"product_tag","embeddable":true,"href":"https:\/\/www.ing-solvan.com\/en\/wp-json\/wp\/v2\/product_tag?post=3679"}],"curies":[{"name":"wp","href":"https:\/\/api.w.org\/{rel}","templated":true}]}}