{"id":3664,"date":"2024-07-11T17:30:24","date_gmt":"2024-07-11T15:30:24","guid":{"rendered":"https:\/\/www.ing-solvan.com\/?post_type=product&#038;p=3664"},"modified":"2025-03-04T10:15:02","modified_gmt":"2025-03-04T09:15:02","slug":"film-de-enmascarar-blue-crs","status":"publish","type":"product","link":"https:\/\/www.ing-solvan.com\/en\/producto\/film-de-enmascarar-blue-crs\/","title":{"rendered":"FILM DE ENMASCARAR BLUE CRS"},"content":{"rendered":"<div class=\"wprt-container\">\n<div class=\"table-responsive\">\n<div class=\"table-responsive wprt_style_display\">\n<table class=\"table\">\n<thead>\n<tr>\n<td style=\"text-align: center\"><strong>REFERENCIA<\/strong><\/td>\n<td style=\"text-align: center\"><strong>MEDIDAS<\/strong><\/td>\n<td style=\"text-align: center\"><strong>CAJA<\/strong><\/td>\n<\/tr>\n<\/thead>\n<tbody>\n<tr>\n<td style=\"text-align: center\">2001-001230<\/td>\n<td style=\"text-align: center\">35 cm x 25 yds + cinta 19 mm<\/td>\n<td style=\"text-align: center\">20 unidades<\/td>\n<\/tr>\n<tr>\n<td style=\"text-align: center\">2001-001240<\/td>\n<td style=\"text-align: center\">60 cm x 25 yds + cinta 19 mm<\/td>\n<td style=\"text-align: center\">20 unidades<\/td>\n<\/tr>\n<tr>\n<td style=\"text-align: center\">2001-001250<\/td>\n<td style=\"text-align: center\">90 cm x 25 yds + cinta 19 mm<\/td>\n<td style=\"text-align: center\">20 unidades<\/td>\n<\/tr>\n<tr>\n<td style=\"text-align: center\">2001-001260<\/td>\n<td style=\"text-align: center\">120 cm x 25 yds + cinta 19 mm<\/td>\n<td style=\"text-align: center\">20 unidades<\/td>\n<\/tr>\n<tr>\n<td style=\"text-align: center\">2001-001270<\/td>\n<td style=\"text-align: center\">180 cm x 25 yds + cinta 19 mm<\/td>\n<td style=\"text-align: center\">20 unidades<\/td>\n<\/tr>\n<\/tbody>\n<\/table>\n<\/div>\n<\/div>\n<\/div>\n","protected":false},"excerpt":{"rendered":"<p>Film de Enmascarar CRS Blue con cinta de 19MM. Un Film pl\u00e1stico de doble protecci\u00f3n cuya cara interior se adhiere electroest\u00e1ticamente a la superficie a proteger.<\/p>\n<p>Est\u00e1 dise\u00f1ado para pintar con cualquier tipo de sistema de pinturas. Cinta de 25 yardas resistente a la temperatura. No deja restos de cola.<\/p>\n","protected":false},"featured_media":3671,"comment_status":"closed","ping_status":"closed","template":"","meta":[],"product_brand":[],"product_cat":[95,94],"product_tag":[],"class_list":{"0":"post-3664","1":"product","2":"type-product","3":"status-publish","4":"has-post-thumbnail","6":"product_cat-plastico-con-cinta","7":"product_cat-sistemas-de-emascarado-y-proteccion","9":"first","10":"instock","11":"taxable","12":"shipping-taxable","13":"purchasable","14":"product-type-variable"},"aioseo_notices":[],"_links":{"self":[{"href":"https:\/\/www.ing-solvan.com\/en\/wp-json\/wp\/v2\/product\/3664","targetHints":{"allow":["GET"]}}],"collection":[{"href":"https:\/\/www.ing-solvan.com\/en\/wp-json\/wp\/v2\/product"}],"about":[{"href":"https:\/\/www.ing-solvan.com\/en\/wp-json\/wp\/v2\/types\/product"}],"replies":[{"embeddable":true,"href":"https:\/\/www.ing-solvan.com\/en\/wp-json\/wp\/v2\/comments?post=3664"}],"wp:featuredmedia":[{"embeddable":true,"href":"https:\/\/www.ing-solvan.com\/en\/wp-json\/wp\/v2\/media\/3671"}],"wp:attachment":[{"href":"https:\/\/www.ing-solvan.com\/en\/wp-json\/wp\/v2\/media?parent=3664"}],"wp:term":[{"taxonomy":"product_brand","embeddable":true,"href":"https:\/\/www.ing-solvan.com\/en\/wp-json\/wp\/v2\/product_brand?post=3664"},{"taxonomy":"product_cat","embeddable":true,"href":"https:\/\/www.ing-solvan.com\/en\/wp-json\/wp\/v2\/product_cat?post=3664"},{"taxonomy":"product_tag","embeddable":true,"href":"https:\/\/www.ing-solvan.com\/en\/wp-json\/wp\/v2\/product_tag?post=3664"}],"curies":[{"name":"wp","href":"https:\/\/api.w.org\/{rel}","templated":true}]}}