{"id":3659,"date":"2024-07-11T17:26:01","date_gmt":"2024-07-11T15:26:01","guid":{"rendered":"https:\/\/www.ing-solvan.com\/?post_type=product&#038;p=3659"},"modified":"2024-11-29T13:37:55","modified_gmt":"2024-11-29T12:37:55","slug":"pano-de-microfibra-soft-finishing","status":"publish","type":"product","link":"https:\/\/www.ing-solvan.com\/en\/producto\/pano-de-microfibra-soft-finishing\/","title":{"rendered":"PA\u00d1O DE MICROFIBRA SOFT FINISHING"},"content":{"rendered":"<div class=\"wprt-container\">\n<div class=\"table-responsive\">\n<div class=\"table-responsive wprt_style_display\">\n<table class=\"table\">\n<thead>\n<tr>\n<td style=\"text-align: center\"><strong>REFERENCIA<\/strong><\/td>\n<td style=\"text-align: center\"><strong>DESCRIPCI\u00d3N<\/strong><\/td>\n<td style=\"text-align: center\"><strong>TAMA\u00d1O<\/strong><\/td>\n<td style=\"text-align: center\"><strong>CAJA<\/strong><\/td>\n<td style=\"text-align: center\"><strong>FICHA T\u00c9CNICA<\/strong><\/td>\n<\/tr>\n<\/thead>\n<tbody>\n<tr>\n<td style=\"text-align: center\">2003-007034<\/td>\n<td style=\"text-align: center\">Azul<\/td>\n<td style=\"text-align: center\">40 cm x 40 cm<\/td>\n<td style=\"text-align: center\">10 unidades<\/td>\n<td><a href=\"\/wp-content\/uploads\/2024\/07\/TDS_ES_2003-007034_2003-007035_PANO-DE-MICROFIBRA-SOFT-FINISHING-40-X-40-CM.pdf\" target=\"_blank\" rel=\"noopener\"><img decoding=\"async\" class=\"aligncenter wp-image-3297\" src=\"\/wp-content\/uploads\/2024\/07\/icono-tecnica-1.png\" alt=\"\" width=\"25\" height=\"25\" \/><\/a><\/td>\n<\/tr>\n<\/tbody>\n<\/table>\n<\/div>\n<\/div>\n<\/div>\n","protected":false},"excerpt":{"rendered":"<p>El nuevo pa\u00f1o de limpieza SOFT FINISHING est\u00e1 tejido con hilos ultrafinos, compuestos por 80 % de poli\u00e9ster y 20 % de poliamida, lo que proporciona una estabilidad superior.<\/p>\n<p>Es ideal para aplicaciones en entornos cr\u00edticos. La textura ultra suave y no abrasiva limpia las superficies sin rayarlas, sobre todo en colores oscuros.<\/p>\n<p>Buena absorci\u00f3n de residuos.<\/p>\n","protected":false},"featured_media":3663,"comment_status":"closed","ping_status":"closed","template":"","meta":[],"product_brand":[],"product_cat":[93,86],"product_tag":[],"class_list":{"0":"post-3659","1":"product","2":"type-product","3":"status-publish","4":"has-post-thumbnail","6":"product_cat-panos-de-microfibra-de-pelo-corto","7":"product_cat-pulido-abrillantado-y-proteccion-de-vehiculos","9":"first","10":"instock","11":"taxable","12":"shipping-taxable","13":"purchasable","14":"product-type-simple"},"aioseo_notices":[],"_links":{"self":[{"href":"https:\/\/www.ing-solvan.com\/en\/wp-json\/wp\/v2\/product\/3659","targetHints":{"allow":["GET"]}}],"collection":[{"href":"https:\/\/www.ing-solvan.com\/en\/wp-json\/wp\/v2\/product"}],"about":[{"href":"https:\/\/www.ing-solvan.com\/en\/wp-json\/wp\/v2\/types\/product"}],"replies":[{"embeddable":true,"href":"https:\/\/www.ing-solvan.com\/en\/wp-json\/wp\/v2\/comments?post=3659"}],"wp:featuredmedia":[{"embeddable":true,"href":"https:\/\/www.ing-solvan.com\/en\/wp-json\/wp\/v2\/media\/3663"}],"wp:attachment":[{"href":"https:\/\/www.ing-solvan.com\/en\/wp-json\/wp\/v2\/media?parent=3659"}],"wp:term":[{"taxonomy":"product_brand","embeddable":true,"href":"https:\/\/www.ing-solvan.com\/en\/wp-json\/wp\/v2\/product_brand?post=3659"},{"taxonomy":"product_cat","embeddable":true,"href":"https:\/\/www.ing-solvan.com\/en\/wp-json\/wp\/v2\/product_cat?post=3659"},{"taxonomy":"product_tag","embeddable":true,"href":"https:\/\/www.ing-solvan.com\/en\/wp-json\/wp\/v2\/product_tag?post=3659"}],"curies":[{"name":"wp","href":"https:\/\/api.w.org\/{rel}","templated":true}]}}