{"id":3654,"date":"2024-07-11T17:21:21","date_gmt":"2024-07-11T15:21:21","guid":{"rendered":"https:\/\/www.ing-solvan.com\/?post_type=product&#038;p=3654"},"modified":"2025-03-23T11:00:40","modified_gmt":"2025-03-23T10:00:40","slug":"pano-de-microfibra","status":"publish","type":"product","link":"https:\/\/www.ing-solvan.com\/en\/producto\/pano-de-microfibra\/","title":{"rendered":"PA\u00d1O DE MICROFIBRA"},"content":{"rendered":"<div class=\"wprt-container\">\n<div class=\"table-responsive\">\n<div class=\"table-responsive wprt_style_display\">\n<table class=\"table\">\n<thead>\n<tr>\n<td style=\"text-align: center\"><strong>REFERENCIA<\/strong><\/td>\n<td style=\"text-align: center\"><strong>DESCRIPCI\u00d3N<\/strong><\/td>\n<td style=\"text-align: center\"><strong>TAMA\u00d1O<\/strong><\/td>\n<td style=\"text-align: center\"><strong>CAJAS<\/strong><\/td>\n<\/tr>\n<\/thead>\n<tbody>\n<tr>\n<td style=\"text-align: center\">2004-000108<\/td>\n<td style=\"text-align: center\">Azul<\/td>\n<td style=\"text-align: center\">40 cm x 40 cm<\/td>\n<td style=\"text-align: center\">10 unidades<\/td>\n<\/tr>\n<tr>\n<td style=\"text-align: center\">2003-007029<\/td>\n<td style=\"text-align: center\">Amarillo<\/td>\n<td style=\"text-align: center\">40 cm x 40 cm<\/td>\n<td style=\"text-align: center\">10 unidades<\/td>\n<\/tr>\n<\/tbody>\n<\/table>\n<\/div>\n<\/div>\n<\/div>\n","protected":false},"excerpt":{"rendered":"<p>Pa\u00f1o tejido a base de m\u00faltiples microfibras con distintas funciones: limpieza, pulido y absorci\u00f3n. Costuras protegidas para no dejar marcas. Permite la aplicaci\u00f3n de pulimentos a mano. La opci\u00f3n m\u00e1s recomendada para la limpieza final de superficies pulidas. Lavable y muy duradero.<\/p>\n<p>Disponible en pelo largo en ambas caras de gran poder de absorci\u00f3n.<\/p>\n","protected":false},"featured_media":3658,"comment_status":"closed","ping_status":"closed","template":"","meta":[],"product_brand":[],"product_cat":[93,86],"product_tag":[],"class_list":{"0":"post-3654","1":"product","2":"type-product","3":"status-publish","4":"has-post-thumbnail","6":"product_cat-panos-de-microfibra-de-pelo-corto","7":"product_cat-pulido-abrillantado-y-proteccion-de-vehiculos","9":"first","10":"instock","11":"taxable","12":"shipping-taxable","13":"purchasable","14":"product-type-variable"},"aioseo_notices":[],"_links":{"self":[{"href":"https:\/\/www.ing-solvan.com\/en\/wp-json\/wp\/v2\/product\/3654","targetHints":{"allow":["GET"]}}],"collection":[{"href":"https:\/\/www.ing-solvan.com\/en\/wp-json\/wp\/v2\/product"}],"about":[{"href":"https:\/\/www.ing-solvan.com\/en\/wp-json\/wp\/v2\/types\/product"}],"replies":[{"embeddable":true,"href":"https:\/\/www.ing-solvan.com\/en\/wp-json\/wp\/v2\/comments?post=3654"}],"wp:featuredmedia":[{"embeddable":true,"href":"https:\/\/www.ing-solvan.com\/en\/wp-json\/wp\/v2\/media\/3658"}],"wp:attachment":[{"href":"https:\/\/www.ing-solvan.com\/en\/wp-json\/wp\/v2\/media?parent=3654"}],"wp:term":[{"taxonomy":"product_brand","embeddable":true,"href":"https:\/\/www.ing-solvan.com\/en\/wp-json\/wp\/v2\/product_brand?post=3654"},{"taxonomy":"product_cat","embeddable":true,"href":"https:\/\/www.ing-solvan.com\/en\/wp-json\/wp\/v2\/product_cat?post=3654"},{"taxonomy":"product_tag","embeddable":true,"href":"https:\/\/www.ing-solvan.com\/en\/wp-json\/wp\/v2\/product_tag?post=3654"}],"curies":[{"name":"wp","href":"https:\/\/api.w.org\/{rel}","templated":true}]}}