{"id":3631,"date":"2024-07-11T17:01:00","date_gmt":"2024-07-11T15:01:00","guid":{"rendered":"https:\/\/www.ing-solvan.com\/?post_type=product&#038;p=3631"},"modified":"2026-02-05T10:10:30","modified_gmt":"2026-02-05T09:10:30","slug":"nano-flash-protect","status":"publish","type":"product","link":"https:\/\/www.ing-solvan.com\/en\/producto\/nano-flash-protect\/","title":{"rendered":"NANO FLASH PROTECT"},"content":{"rendered":"<div class=\"wprt-container\">\n<div class=\"table-responsive\">\n<div class=\"table-responsive wprt_style_display\">\n<table class=\"table\">\n<thead>\n<tr>\n<td style=\"text-align: center\"><strong>REFERENCIA<\/strong><\/td>\n<td style=\"text-align: center\"><strong>CAPACIDAD<\/strong><\/td>\n<td style=\"text-align: center\"><strong>FICHA SEGURIDAD<\/strong><\/td>\n<td style=\"text-align: center\"><strong>FICHA T\u00c9CNICA<\/strong><\/td>\n<\/tr>\n<\/thead>\n<tbody>\n<tr>\n<td style=\"text-align: center\">5010-000005<\/td>\n<td style=\"text-align: center\">500 ml<\/td>\n<td><a href=\"\/wp-content\/uploads\/2024\/07\/ES-SP-5010-000005.pdf\" target=\"_blank\" rel=\"noopener\"><img decoding=\"async\" class=\"aligncenter wp-image-3297\" src=\"\/wp-content\/uploads\/2024\/07\/icono-seguridad.png\" alt=\"\" width=\"25\" height=\"25\" \/><\/a><\/td>\n<td><a href=\"\/wp-content\/uploads\/2024\/07\/TDS_ES_5010-000005_NANO-FLASH-PROTECT.pdf\" target=\"_blank\" rel=\"noopener\"><img decoding=\"async\" class=\"aligncenter wp-image-3297\" src=\"\/wp-content\/uploads\/2024\/07\/icono-tecnica-1.png\" alt=\"\" width=\"25\" height=\"25\" \/><\/a><\/td>\n<\/tr>\n<\/tbody>\n<\/table>\n<\/div>\n<\/div>\n<div class=\"container\"><\/div>\n<\/div>\n","protected":false},"excerpt":{"rendered":"<p>Compuesto l\u00edquido para la protecci\u00f3n y el acabado de la carrocer\u00eda. Ofrece una r\u00e1pida capa protectora a cualquier superficie del veh\u00edculo gracias a sus nano part\u00edculas que repelen el agua, polvo y contaminantes ambientales las cuales favorecen una mayor duraci\u00f3n a la superficie tratada.<\/p>\n<p>Modo de aplicaci\u00f3n:<\/p>\n<ul>\n<li>Extender con Pa\u00f1o de microfibra CRS.<\/li>\n<li>Retirar sin tiempos de espera con la parte seca del pa\u00f1o.<\/li>\n<li>Tanto la aplicaci\u00f3n como la finalizaci\u00f3n ha de ser uniforme para garantizar un perfecto acabado.<\/li>\n<li>Esperar 10 minutos tras la aplicaci\u00f3n para ver resultados.<\/li>\n<\/ul>\n<p>Durabilidad hasta 6 meses dependiendo de las condiciones en las que se aplica el producto.<\/p>\n","protected":false},"featured_media":3635,"comment_status":"closed","ping_status":"closed","template":"","meta":[],"product_brand":[],"product_cat":[88,86],"product_tag":[],"class_list":{"0":"post-3631","1":"product","2":"type-product","3":"status-publish","4":"has-post-thumbnail","6":"product_cat-protectores-nano","7":"product_cat-pulido-abrillantado-y-proteccion-de-vehiculos","9":"first","10":"onbackorder","11":"taxable","12":"shipping-taxable","13":"purchasable","14":"product-type-simple"},"aioseo_notices":[],"_links":{"self":[{"href":"https:\/\/www.ing-solvan.com\/en\/wp-json\/wp\/v2\/product\/3631","targetHints":{"allow":["GET"]}}],"collection":[{"href":"https:\/\/www.ing-solvan.com\/en\/wp-json\/wp\/v2\/product"}],"about":[{"href":"https:\/\/www.ing-solvan.com\/en\/wp-json\/wp\/v2\/types\/product"}],"replies":[{"embeddable":true,"href":"https:\/\/www.ing-solvan.com\/en\/wp-json\/wp\/v2\/comments?post=3631"}],"wp:featuredmedia":[{"embeddable":true,"href":"https:\/\/www.ing-solvan.com\/en\/wp-json\/wp\/v2\/media\/3635"}],"wp:attachment":[{"href":"https:\/\/www.ing-solvan.com\/en\/wp-json\/wp\/v2\/media?parent=3631"}],"wp:term":[{"taxonomy":"product_brand","embeddable":true,"href":"https:\/\/www.ing-solvan.com\/en\/wp-json\/wp\/v2\/product_brand?post=3631"},{"taxonomy":"product_cat","embeddable":true,"href":"https:\/\/www.ing-solvan.com\/en\/wp-json\/wp\/v2\/product_cat?post=3631"},{"taxonomy":"product_tag","embeddable":true,"href":"https:\/\/www.ing-solvan.com\/en\/wp-json\/wp\/v2\/product_tag?post=3631"}],"curies":[{"name":"wp","href":"https:\/\/api.w.org\/{rel}","templated":true}]}}