{"id":3567,"date":"2024-07-11T15:30:27","date_gmt":"2024-07-11T13:30:27","guid":{"rendered":"https:\/\/www.ing-solvan.com\/?post_type=product&#038;p=3567"},"modified":"2024-11-30T12:03:38","modified_gmt":"2024-11-30T11:03:38","slug":"varillas-mezcladoras-multi-agujeros","status":"publish","type":"product","link":"https:\/\/www.ing-solvan.com\/en\/producto\/varillas-mezcladoras-multi-agujeros\/","title":{"rendered":"VARILLAS MEZCLADORAS MULTI AGUJEROS"},"content":{"rendered":"<div class=\"wprt-container\">\n<div class=\"table-responsive\">\n<div class=\"table-responsive wprt_style_display\">\n<table class=\"table\">\n<thead>\n<tr>\n<td style=\"text-align: center\"><strong>REFERENCIA<\/strong><\/td>\n<td style=\"text-align: center\"><strong>MEDIDAS<\/strong><\/td>\n<td style=\"text-align: center\"><strong>ENVASE<\/strong><\/td>\n<td style=\"text-align: center\"><strong>FICHA T\u00c9CNICA<\/strong><\/td>\n<\/tr>\n<\/thead>\n<tbody>\n<tr>\n<td style=\"text-align: center\">2012-001344<\/td>\n<td style=\"text-align: center\">20 cm<\/td>\n<td style=\"text-align: center\">Caja 500 unds.<\/td>\n<td rowspan=\"2\"><a href=\"\/wp-content\/uploads\/2024\/07\/TDS_ES_2012-001245_44_VARILLAS-MEZCLADORAS-MULTI-AGUJEROS-20CM-Y-30CM.pdf\" target=\"_blank\" rel=\"noopener\"><img decoding=\"async\" class=\"aligncenter wp-image-3298\" src=\"https:\/\/www.ing-solvan.com\/wp-content\/uploads\/2024\/07\/icono-tecnica-1.png\" alt=\"\" width=\"25\" height=\"25\" \/><\/a><\/td>\n<\/tr>\n<tr>\n<td style=\"text-align: center\">2012-001345<\/td>\n<td style=\"text-align: center\">30 cm<\/td>\n<td style=\"text-align: center\">Caja 300 unds,<\/td>\n<\/tr>\n<\/tbody>\n<\/table>\n<\/div>\n<\/div>\n<div class=\"container\"><\/div>\n<\/div>\n","protected":false},"excerpt":{"rendered":"<p>Varillas mezcladoras de pintura desechables.<\/p>\n<p>Poseen un dise\u00f1o curvado y ergon\u00f3mico con m\u00faltiples agujeros para facilitar el arrastre y mezcla del producto.<\/p>\n<p>Permite conseguir la m\u00e1xima rentabilidad y aprovechamiento del producto a utilizar.<\/p>\n","protected":false},"featured_media":3572,"comment_status":"closed","ping_status":"closed","template":"","meta":[],"product_brand":[],"product_cat":[78,82],"product_tag":[],"class_list":{"0":"post-3567","1":"product","2":"type-product","3":"status-publish","4":"has-post-thumbnail","6":"product_cat-sistema-de-reparacion-de-pintura","7":"product_cat-varillas-mezcladoras","9":"first","10":"instock","11":"taxable","12":"shipping-taxable","13":"purchasable","14":"product-type-variable"},"aioseo_notices":[],"_links":{"self":[{"href":"https:\/\/www.ing-solvan.com\/en\/wp-json\/wp\/v2\/product\/3567","targetHints":{"allow":["GET"]}}],"collection":[{"href":"https:\/\/www.ing-solvan.com\/en\/wp-json\/wp\/v2\/product"}],"about":[{"href":"https:\/\/www.ing-solvan.com\/en\/wp-json\/wp\/v2\/types\/product"}],"replies":[{"embeddable":true,"href":"https:\/\/www.ing-solvan.com\/en\/wp-json\/wp\/v2\/comments?post=3567"}],"wp:featuredmedia":[{"embeddable":true,"href":"https:\/\/www.ing-solvan.com\/en\/wp-json\/wp\/v2\/media\/3572"}],"wp:attachment":[{"href":"https:\/\/www.ing-solvan.com\/en\/wp-json\/wp\/v2\/media?parent=3567"}],"wp:term":[{"taxonomy":"product_brand","embeddable":true,"href":"https:\/\/www.ing-solvan.com\/en\/wp-json\/wp\/v2\/product_brand?post=3567"},{"taxonomy":"product_cat","embeddable":true,"href":"https:\/\/www.ing-solvan.com\/en\/wp-json\/wp\/v2\/product_cat?post=3567"},{"taxonomy":"product_tag","embeddable":true,"href":"https:\/\/www.ing-solvan.com\/en\/wp-json\/wp\/v2\/product_tag?post=3567"}],"curies":[{"name":"wp","href":"https:\/\/api.w.org\/{rel}","templated":true}]}}