{"id":3551,"date":"2024-07-11T15:06:22","date_gmt":"2024-07-11T13:06:22","guid":{"rendered":"https:\/\/www.ing-solvan.com\/?post_type=product&#038;p=3551"},"modified":"2025-10-08T12:14:09","modified_gmt":"2025-10-08T10:14:09","slug":"pulverizador-a-presion","status":"publish","type":"product","link":"https:\/\/www.ing-solvan.com\/en\/producto\/pulverizador-a-presion\/","title":{"rendered":"PULVERIZADOR A PRESI\u00d3N"},"content":{"rendered":"<div class=\"wprt-container\">\n<div class=\"table-responsive\">\n<div class=\"table-responsive wprt_style_display\">\n<table class=\"table\">\n<thead>\n<tr>\n<td style=\"text-align: center\"><strong>REFERENCIA<\/strong><\/td>\n<td style=\"text-align: center\"><strong>DESCRIPCI\u00d3N<\/strong><\/td>\n<td style=\"text-align: center\"><strong>CAPACIDAD<\/strong><\/td>\n<td style=\"text-align: center\"><strong>HOJA INFORMATIVA <\/strong><\/td>\n<\/tr>\n<\/thead>\n<tbody>\n<tr>\n<td style=\"text-align: center\">2004-000028<\/td>\n<td style=\"text-align: center\">Pulverizador<\/td>\n<td style=\"text-align: center\">1 L<\/td>\n<td><a href=\"\/wp-content\/uploads\/2024\/07\/LANZ-2004-000028_PULVERIZADOR-A-PRESION-AZUL.pdf\" target=\"_blank\" rel=\"noopener\"><img decoding=\"async\" class=\"wp-image-3298 aligncenter\" src=\"https:\/\/www.ing-solvan.com\/wp-content\/uploads\/2024\/07\/icono-tecnica-1.png\" alt=\"\" width=\"25\" height=\"25\" \/><\/a><\/td>\n<\/tr>\n<\/tbody>\n<\/table>\n<\/div>\n<\/div>\n<div class=\"container\"><\/div>\n<\/div>\n","protected":false},"excerpt":{"rendered":"<p>Pulverizador a Presi\u00f3n Azul de 1 litro, resistente a desengrasantes y productos qu\u00edmicos.<\/p>\n<p>Pulverizador a presi\u00f3n con v\u00e1lvula de seguridad y juntas resistentes a muchos productos qu\u00edmicos, incluidos \u00e1cidos, disolventes y \u00e1lcalis. El pulverizador dispone de un regulador para variar el caudal de pulverizaci\u00f3n. Tiene una presi\u00f3n m\u00e1xima de 3 bar.<\/p>\n","protected":false},"featured_media":3554,"comment_status":"closed","ping_status":"closed","template":"","meta":[],"product_brand":[],"product_cat":[79,78],"product_tag":[],"class_list":{"0":"post-3551","1":"product","2":"type-product","3":"status-publish","4":"has-post-thumbnail","6":"product_cat-limpieza","7":"product_cat-sistema-de-reparacion-de-pintura","9":"first","10":"outofstock","11":"taxable","12":"shipping-taxable","13":"purchasable","14":"product-type-simple"},"aioseo_notices":[],"_links":{"self":[{"href":"https:\/\/www.ing-solvan.com\/en\/wp-json\/wp\/v2\/product\/3551","targetHints":{"allow":["GET"]}}],"collection":[{"href":"https:\/\/www.ing-solvan.com\/en\/wp-json\/wp\/v2\/product"}],"about":[{"href":"https:\/\/www.ing-solvan.com\/en\/wp-json\/wp\/v2\/types\/product"}],"replies":[{"embeddable":true,"href":"https:\/\/www.ing-solvan.com\/en\/wp-json\/wp\/v2\/comments?post=3551"}],"wp:featuredmedia":[{"embeddable":true,"href":"https:\/\/www.ing-solvan.com\/en\/wp-json\/wp\/v2\/media\/3554"}],"wp:attachment":[{"href":"https:\/\/www.ing-solvan.com\/en\/wp-json\/wp\/v2\/media?parent=3551"}],"wp:term":[{"taxonomy":"product_brand","embeddable":true,"href":"https:\/\/www.ing-solvan.com\/en\/wp-json\/wp\/v2\/product_brand?post=3551"},{"taxonomy":"product_cat","embeddable":true,"href":"https:\/\/www.ing-solvan.com\/en\/wp-json\/wp\/v2\/product_cat?post=3551"},{"taxonomy":"product_tag","embeddable":true,"href":"https:\/\/www.ing-solvan.com\/en\/wp-json\/wp\/v2\/product_tag?post=3551"}],"curies":[{"name":"wp","href":"https:\/\/api.w.org\/{rel}","templated":true}]}}