{"id":3484,"date":"2024-07-11T13:03:13","date_gmt":"2024-07-11T11:03:13","guid":{"rendered":"https:\/\/www.ing-solvan.com\/?post_type=product&#038;p=3484"},"modified":"2024-11-30T12:08:31","modified_gmt":"2024-11-30T11:08:31","slug":"easy-filler-4000","status":"publish","type":"product","link":"https:\/\/www.ing-solvan.com\/en\/producto\/easy-filler-4000\/","title":{"rendered":"EASY FILLER 4000"},"content":{"rendered":"<div class=\"wprt-container\">\n<div class=\"table-responsive\">\n<div class=\"table-responsive wprt_style_display\">\n<table class=\"table\">\n<thead>\n<tr>\n<td style=\"text-align: center\"><strong>REFERENCIA<\/strong><\/td>\n<td style=\"text-align: center\"><strong>DESCRIPCI\u00d3N<\/strong><\/td>\n<td style=\"text-align: center\"><strong>ENVASE<\/strong><\/td>\n<td style=\"text-align: center\"><strong>CAPACIDAD<\/strong><\/td>\n<td style=\"text-align: center\"><strong>FICHA SEGURIDAD<\/strong><\/td>\n<td style=\"text-align: center\"><strong>FICHA T\u00c9CNICA<\/strong><\/td>\n<\/tr>\n<\/thead>\n<tbody>\n<tr>\n<td style=\"text-align: center\">5009-001220<\/td>\n<td style=\"text-align: center\">Aparejo \u2013 Gris claro<\/td>\n<td style=\"text-align: center\">Lata<\/td>\n<td style=\"text-align: center\">4 l<\/td>\n<td><a href=\"\/wp-content\/uploads\/2024\/07\/ES-SP-5009-001220.pdf\" target=\"_blank\" rel=\"noopener\"><img decoding=\"async\" class=\"aligncenter wp-image-3297\" src=\"\/wp-content\/uploads\/2024\/07\/icono-seguridad.png\" alt=\"\" width=\"25\" height=\"25\" \/><\/a><\/td>\n<td><a href=\"\/wp-content\/uploads\/2024\/07\/TDS_ES_EASY-FILLER-4000.pdf\" target=\"_blank\" rel=\"noopener\"><img decoding=\"async\" class=\"aligncenter wp-image-3297\" src=\"\/wp-content\/uploads\/2024\/07\/icono-tecnica-1.png\" alt=\"\" width=\"25\" height=\"25\" \/><\/a><\/td>\n<\/tr>\n<tr>\n<td style=\"text-align: center\">5009-001221<\/td>\n<td style=\"text-align: center\">Aparejo \u2013 Gris oscuro<\/td>\n<td style=\"text-align: center\">Lata<\/td>\n<td style=\"text-align: center\">4 l<\/td>\n<td><a href=\"\/wp-content\/uploads\/2024\/07\/ES-SP-5009-001221.pdf\" target=\"_blank\" rel=\"noopener\"><img decoding=\"async\" class=\"aligncenter wp-image-3297\" src=\"\/wp-content\/uploads\/2024\/07\/icono-seguridad.png\" alt=\"\" width=\"25\" height=\"25\" \/><\/a><\/td>\n<td><a href=\"\/wp-content\/uploads\/2024\/07\/TDS_ES_EASY-FILLER-4000.pdf\" target=\"_blank\" rel=\"noopener\"><img decoding=\"async\" class=\"aligncenter wp-image-3297\" src=\"\/wp-content\/uploads\/2024\/07\/icono-tecnica-1.png\" alt=\"\" width=\"25\" height=\"25\" \/><\/a><\/td>\n<\/tr>\n<tr>\n<td style=\"text-align: center\">5009-001218<\/td>\n<td style=\"text-align: center\">Aparejo \u2013 Blanco<\/td>\n<td style=\"text-align: center\">Lata<\/td>\n<td style=\"text-align: center\">4 l<\/td>\n<td><a href=\"\/wp-content\/uploads\/2024\/07\/ES-SP-5009-001218.pdf\" target=\"_blank\" rel=\"noopener\"><img decoding=\"async\" class=\"aligncenter wp-image-3297\" src=\"\/wp-content\/uploads\/2024\/07\/icono-seguridad.png\" alt=\"\" width=\"25\" height=\"25\" \/><\/a><\/td>\n<td><a href=\"\/wp-content\/uploads\/2024\/07\/TDS_ES_EASY-FILLER-4000.pdf\" target=\"_blank\" rel=\"noopener\"><img decoding=\"async\" class=\"aligncenter wp-image-3297\" src=\"\/wp-content\/uploads\/2024\/07\/icono-tecnica-1.png\" alt=\"\" width=\"25\" height=\"25\" \/><\/a><\/td>\n<\/tr>\n<tr>\n<td style=\"text-align: center\">5009-001219<\/td>\n<td style=\"text-align: center\">Aparejo \u2013 Negro<\/td>\n<td style=\"text-align: center\">Lata<\/td>\n<td style=\"text-align: center\">4 l<\/td>\n<td><a href=\"\/wp-content\/uploads\/2024\/07\/ES-SP-5009-001219.pdf\" target=\"_blank\" rel=\"noopener\"><img decoding=\"async\" class=\"aligncenter wp-image-3297\" src=\"\/wp-content\/uploads\/2024\/07\/icono-seguridad.png\" alt=\"\" width=\"25\" height=\"25\" \/><\/a><\/td>\n<td><a href=\"\/wp-content\/uploads\/2024\/07\/TDS_ES_EASY-FILLER-4000.pdf\" target=\"_blank\" rel=\"noopener\"><img decoding=\"async\" class=\"aligncenter wp-image-3297\" src=\"\/wp-content\/uploads\/2024\/07\/icono-tecnica-1.png\" alt=\"\" width=\"25\" height=\"25\" \/><\/a><\/td>\n<\/tr>\n<tr>\n<td style=\"text-align: center\">5009-001222<\/td>\n<td style=\"text-align: center\">Catalizador \u2013 Est\u00e1ndar<\/td>\n<td style=\"text-align: center\">Lata<\/td>\n<td style=\"text-align: center\">800 ml<\/td>\n<td><a href=\"\/wp-content\/uploads\/2024\/07\/ES-SP-5009-001222.pdf\" target=\"_blank\" rel=\"noopener\"><img decoding=\"async\" class=\"aligncenter wp-image-3297\" src=\"\/wp-content\/uploads\/2024\/07\/icono-seguridad.png\" alt=\"\" width=\"25\" height=\"25\" \/><\/a><\/td>\n<td><a href=\"\/wp-content\/uploads\/2024\/07\/TDS_ES_EASY-FILLER-4000.pdf\" target=\"_blank\" rel=\"noopener\"><img decoding=\"async\" class=\"aligncenter wp-image-3297\" src=\"\/wp-content\/uploads\/2024\/07\/icono-tecnica-1.png\" alt=\"\" width=\"25\" height=\"25\" \/><\/a><\/td>\n<\/tr>\n<tr>\n<td style=\"text-align: center\">5009-001223<\/td>\n<td style=\"text-align: center\">Catalizador \u2013 Extra r\u00e1pido<\/td>\n<td style=\"text-align: center\">Lata<\/td>\n<td style=\"text-align: center\">800 ml<\/td>\n<td><a href=\"\/wp-content\/uploads\/2024\/07\/ES-SP-5009-001223.pdf\" target=\"_blank\" rel=\"noopener\"><img decoding=\"async\" class=\"aligncenter wp-image-3297\" src=\"\/wp-content\/uploads\/2024\/07\/icono-seguridad.png\" alt=\"\" width=\"25\" height=\"25\" \/><\/a><\/td>\n<td><a href=\"\/wp-content\/uploads\/2024\/07\/TDS_ES_EASY-FILLER-4000.pdf\" target=\"_blank\" rel=\"noopener\"><img decoding=\"async\" class=\"aligncenter wp-image-3297\" src=\"\/wp-content\/uploads\/2024\/07\/icono-tecnica-1.png\" alt=\"\" width=\"25\" height=\"25\" \/><\/a><\/td>\n<\/tr>\n<\/tbody>\n<\/table>\n<\/div>\n<\/div>\n<div class=\"container\"><\/div>\n<\/div>\n","protected":false},"excerpt":{"rendered":"<p>Aparejo poliuret\u00e1nico bicomponente gris con un contenido de COV inferior a 540 g\/l, l\u00edmite establecido por la normativa europea para su categor\u00eda.<br \/>\nSe puede aplicar sobre pintura vieja o cualquier otro tipo de superficie, incluyendo chapa galvanizada o aluminio.<br \/>\nMezclado en proporci\u00f3n 5:1 con los catalizadores easy filler (est\u00e1ndar o extra r\u00e1pido).<\/p>\n<p>CARACTER\u00cdSTICAS<\/p>\n<ul>\n<li>Ofrece un secado r\u00e1pido.<\/li>\n<li>Gracias a su elevada capacidad de relleno, permite obtener espesores superiores a las 65 micras secas por mano.<\/li>\n<li>Es de \u00f3ptima distensi\u00f3n y lijado, y de f\u00e1cil empleo.<\/li>\n<li>Permite pintar encima con cualquier tipo de esmalte al agua o al disolvente<\/li>\n<\/ul>\n","protected":false},"featured_media":3499,"comment_status":"closed","ping_status":"closed","template":"","meta":[],"product_brand":[],"product_cat":[51,50],"product_tag":[135],"class_list":{"0":"post-3484","1":"product","2":"type-product","3":"status-publish","4":"has-post-thumbnail","6":"product_cat-aparejos","7":"product_cat-aparejos-e-imprimaciones","8":"product_tag-aparejo","10":"first","11":"instock","12":"taxable","13":"shipping-taxable","14":"purchasable","15":"product-type-variable"},"aioseo_notices":[],"_links":{"self":[{"href":"https:\/\/www.ing-solvan.com\/en\/wp-json\/wp\/v2\/product\/3484","targetHints":{"allow":["GET"]}}],"collection":[{"href":"https:\/\/www.ing-solvan.com\/en\/wp-json\/wp\/v2\/product"}],"about":[{"href":"https:\/\/www.ing-solvan.com\/en\/wp-json\/wp\/v2\/types\/product"}],"replies":[{"embeddable":true,"href":"https:\/\/www.ing-solvan.com\/en\/wp-json\/wp\/v2\/comments?post=3484"}],"wp:featuredmedia":[{"embeddable":true,"href":"https:\/\/www.ing-solvan.com\/en\/wp-json\/wp\/v2\/media\/3499"}],"wp:attachment":[{"href":"https:\/\/www.ing-solvan.com\/en\/wp-json\/wp\/v2\/media?parent=3484"}],"wp:term":[{"taxonomy":"product_brand","embeddable":true,"href":"https:\/\/www.ing-solvan.com\/en\/wp-json\/wp\/v2\/product_brand?post=3484"},{"taxonomy":"product_cat","embeddable":true,"href":"https:\/\/www.ing-solvan.com\/en\/wp-json\/wp\/v2\/product_cat?post=3484"},{"taxonomy":"product_tag","embeddable":true,"href":"https:\/\/www.ing-solvan.com\/en\/wp-json\/wp\/v2\/product_tag?post=3484"}],"curies":[{"name":"wp","href":"https:\/\/api.w.org\/{rel}","templated":true}]}}