{"id":3449,"date":"2024-07-11T12:26:43","date_gmt":"2024-07-11T10:26:43","guid":{"rendered":"https:\/\/www.ing-solvan.com\/?post_type=product&#038;p=3449"},"modified":"2024-12-02T08:53:30","modified_gmt":"2024-12-02T07:53:30","slug":"quick-wheel-silver","status":"publish","type":"product","link":"https:\/\/www.ing-solvan.com\/en\/producto\/quick-wheel-silver\/","title":{"rendered":"QUICK WHEEL SILVER"},"content":{"rendered":"<div class=\"wprt-container\">\n<div class=\"table-responsive\">\n<div class=\"table-responsive wprt_style_display\">\n<table class=\"table\">\n<thead>\n<tr>\n<td style=\"text-align: center\"><strong>REFERENCIA<\/strong><\/td>\n<td style=\"text-align: center\"><strong>COLOR<\/strong><\/td>\n<td style=\"text-align: center\"><strong>ENVASE<\/strong><\/td>\n<td style=\"text-align: center\"><strong>CAPACIDAD<\/strong><\/td>\n<td style=\"text-align: center\"><strong>FICHA SEGURIDAD<\/strong><\/td>\n<td style=\"text-align: center\"><strong>FICHA T\u00c9CNICA<\/strong><\/td>\n<\/tr>\n<\/thead>\n<tbody>\n<tr>\n<td style=\"text-align: center\">5004-001136<\/td>\n<td style=\"text-align: center\">Gris Aluminio<\/td>\n<td style=\"text-align: center\">Lata<\/td>\n<td style=\"text-align: center\">1000 ml<\/td>\n<td><a href=\"\/wp-content\/uploads\/2024\/07\/ES_SP_5004-001136.pdf\" target=\"_blank\" rel=\"noopener\"><img decoding=\"async\" class=\"aligncenter wp-image-3297\" src=\"\/wp-content\/uploads\/2024\/07\/icono-seguridad.png\" alt=\"\" width=\"25\" height=\"25\" \/><\/a><\/td>\n<td><a href=\"\/wp-content\/uploads\/2024\/07\/TDS_ES_5004-001136_QUICK-WHEEL-SILVER-1000-ML-1.pdf\" target=\"_blank\" rel=\"noopener\"><img decoding=\"async\" class=\"aligncenter wp-image-3297\" src=\"\/wp-content\/uploads\/2024\/07\/icono-tecnica-1.png\" alt=\"\" width=\"25\" height=\"25\" \/><\/a><\/td>\n<\/tr>\n<tr>\n<td style=\"text-align: center\">5011-001136<\/td>\n<td style=\"text-align: center\">Gris Aluminio<\/td>\n<td style=\"text-align: center\">Spray<\/td>\n<td style=\"text-align: center\">500 ml<\/td>\n<td><a href=\"\/wp-content\/uploads\/2024\/07\/ES-SP-5011-001136.pdf\" target=\"_blank\" rel=\"noopener\"><img decoding=\"async\" class=\"aligncenter wp-image-3297\" src=\"\/wp-content\/uploads\/2024\/07\/icono-seguridad.png\" alt=\"\" width=\"25\" height=\"25\" \/><\/a><\/td>\n<td><a href=\"\/wp-content\/uploads\/2024\/07\/TDS_ES_5011-001136_QUICK-WHEEL-SILVER-500-ML-1.pdf\" target=\"_blank\" rel=\"noopener\"><img decoding=\"async\" class=\"aligncenter wp-image-3297\" src=\"\/wp-content\/uploads\/2024\/07\/icono-tecnica-1.png\" alt=\"\" width=\"25\" height=\"25\" \/><\/a><\/td>\n<\/tr>\n<\/tbody>\n<\/table>\n<\/div>\n<\/div>\n<div class=\"container\"><\/div>\n<\/div>\n","protected":false},"excerpt":{"rendered":"<p>Pintura en spray en base de resinas acr\u00edlicas, de color plata. Especial para llantas, metales y pl\u00e1sticos duros. Secado r\u00e1pido.<\/p>\n","protected":false},"featured_media":3455,"comment_status":"closed","ping_status":"closed","template":"","meta":[],"product_brand":[],"product_cat":[69,70,71],"product_tag":[],"class_list":{"0":"post-3449","1":"product","2":"type-product","3":"status-publish","4":"has-post-thumbnail","6":"product_cat-pinturas-tecnicas","7":"product_cat-pinturas-tecnicas-a-pistola","8":"product_cat-pinturas-tecnicas-en-spray","10":"first","11":"instock","12":"taxable","13":"shipping-taxable","14":"purchasable","15":"product-type-variable"},"aioseo_notices":[],"_links":{"self":[{"href":"https:\/\/www.ing-solvan.com\/en\/wp-json\/wp\/v2\/product\/3449","targetHints":{"allow":["GET"]}}],"collection":[{"href":"https:\/\/www.ing-solvan.com\/en\/wp-json\/wp\/v2\/product"}],"about":[{"href":"https:\/\/www.ing-solvan.com\/en\/wp-json\/wp\/v2\/types\/product"}],"replies":[{"embeddable":true,"href":"https:\/\/www.ing-solvan.com\/en\/wp-json\/wp\/v2\/comments?post=3449"}],"wp:featuredmedia":[{"embeddable":true,"href":"https:\/\/www.ing-solvan.com\/en\/wp-json\/wp\/v2\/media\/3455"}],"wp:attachment":[{"href":"https:\/\/www.ing-solvan.com\/en\/wp-json\/wp\/v2\/media?parent=3449"}],"wp:term":[{"taxonomy":"product_brand","embeddable":true,"href":"https:\/\/www.ing-solvan.com\/en\/wp-json\/wp\/v2\/product_brand?post=3449"},{"taxonomy":"product_cat","embeddable":true,"href":"https:\/\/www.ing-solvan.com\/en\/wp-json\/wp\/v2\/product_cat?post=3449"},{"taxonomy":"product_tag","embeddable":true,"href":"https:\/\/www.ing-solvan.com\/en\/wp-json\/wp\/v2\/product_tag?post=3449"}],"curies":[{"name":"wp","href":"https:\/\/api.w.org\/{rel}","templated":true}]}}