{"id":3405,"date":"2024-07-11T11:48:30","date_gmt":"2024-07-11T09:48:30","guid":{"rendered":"https:\/\/www.ing-solvan.com\/?post_type=product&#038;p=3405"},"modified":"2024-11-30T12:16:52","modified_gmt":"2024-11-30T11:16:52","slug":"quick-tex-1000-ml","status":"publish","type":"product","link":"https:\/\/www.ing-solvan.com\/en\/producto\/quick-tex-1000-ml\/","title":{"rendered":"QUICK TEX 1000 ML"},"content":{"rendered":"<div class=\"wprt-container\">\n<div class=\"table-responsive\">\n<div class=\"table-responsive wprt_style_display\">\n<table class=\"table\">\n<thead>\n<tr>\n<td style=\"text-align: center\"><strong>REFERENCIA<\/strong><\/td>\n<td style=\"text-align: center\"><strong>COLOR<\/strong><\/td>\n<td style=\"text-align: center\"><strong>ENVASE<\/strong><\/td>\n<td style=\"text-align: center\"><strong>CAPACIDAD<\/strong><\/td>\n<td style=\"text-align: center\"><strong>FICHA SEGURIDAD<\/strong><\/td>\n<td style=\"text-align: center\"><strong>FICHA T\u00c9CNICA<\/strong><\/td>\n<\/tr>\n<\/thead>\n<tbody>\n<tr>\n<td style=\"text-align: center\">5004-001035<\/td>\n<td style=\"text-align: center\">Negro<\/td>\n<td style=\"text-align: center\">Lata<\/td>\n<td style=\"text-align: center\">1000 ml<\/td>\n<td><a href=\"\/wp-content\/uploads\/2024\/07\/MSDS-5004-001035-SPx1-1.pdf\" target=\"_blank\" rel=\"noopener\"><img decoding=\"async\" class=\"aligncenter wp-image-3297\" src=\"\/wp-content\/uploads\/2024\/07\/icono-seguridad.png\" alt=\"\" width=\"25\" height=\"25\" \/><\/a><\/td>\n<td><a href=\"\/wp-content\/uploads\/2024\/07\/TDS_ES_5004-001035_QUICK-TEX-NEGRO-1000-ML.pdf\" target=\"_blank\" rel=\"noopener\"><img decoding=\"async\" class=\"aligncenter wp-image-3297\" src=\"\/wp-content\/uploads\/2024\/07\/icono-tecnica-1.png\" alt=\"\" width=\"25\" height=\"25\" \/><\/a><\/td>\n<\/tr>\n<tr>\n<td style=\"text-align: center\">5004-001050<\/td>\n<td style=\"text-align: center\">Gris<\/td>\n<td style=\"text-align: center\">Lata<\/td>\n<td style=\"text-align: center\">1000 ml<\/td>\n<td><a href=\"\/wp-content\/uploads\/2024\/07\/ES-SP-5004-001050.pdf\" target=\"_blank\" rel=\"noopener\"><img decoding=\"async\" class=\"aligncenter wp-image-3297\" src=\"\/wp-content\/uploads\/2024\/07\/icono-seguridad.png\" alt=\"\" width=\"25\" height=\"25\" \/><\/a><\/td>\n<td><a href=\"\/wp-content\/uploads\/2024\/07\/TDS_ES_5004-001050_QUICK-TEX-GRIS-1000-ML.pdf\" target=\"_blank\" rel=\"noopener\"><img decoding=\"async\" class=\"aligncenter wp-image-3297\" src=\"\/wp-content\/uploads\/2024\/07\/icono-tecnica-1.png\" alt=\"\" width=\"25\" height=\"25\" \/><\/a><\/td>\n<\/tr>\n<\/tbody>\n<\/table>\n<\/div>\n<\/div>\n<div class=\"container\"><\/div>\n<\/div>\n","protected":false},"excerpt":{"rendered":"<p>Pintura texturizada monocomponente en lata para pintar parachoques y superficies pl\u00e1sticas permitiendo un acabado rugoso. Forma una fina pel\u00edcula de protecci\u00f3n. Puede pintarse encima.<\/p>\n","protected":false},"featured_media":3413,"comment_status":"closed","ping_status":"closed","template":"","meta":[],"product_brand":[],"product_cat":[66,64],"product_tag":[],"class_list":{"0":"post-3405","1":"product","2":"type-product","3":"status-publish","4":"has-post-thumbnail","6":"product_cat-pinturas-tecnicas-reparacion","7":"product_cat-reparacion-de-plasticos","9":"first","10":"instock","11":"taxable","12":"shipping-taxable","13":"purchasable","14":"product-type-variable"},"aioseo_notices":[],"_links":{"self":[{"href":"https:\/\/www.ing-solvan.com\/en\/wp-json\/wp\/v2\/product\/3405","targetHints":{"allow":["GET"]}}],"collection":[{"href":"https:\/\/www.ing-solvan.com\/en\/wp-json\/wp\/v2\/product"}],"about":[{"href":"https:\/\/www.ing-solvan.com\/en\/wp-json\/wp\/v2\/types\/product"}],"replies":[{"embeddable":true,"href":"https:\/\/www.ing-solvan.com\/en\/wp-json\/wp\/v2\/comments?post=3405"}],"wp:featuredmedia":[{"embeddable":true,"href":"https:\/\/www.ing-solvan.com\/en\/wp-json\/wp\/v2\/media\/3413"}],"wp:attachment":[{"href":"https:\/\/www.ing-solvan.com\/en\/wp-json\/wp\/v2\/media?parent=3405"}],"wp:term":[{"taxonomy":"product_brand","embeddable":true,"href":"https:\/\/www.ing-solvan.com\/en\/wp-json\/wp\/v2\/product_brand?post=3405"},{"taxonomy":"product_cat","embeddable":true,"href":"https:\/\/www.ing-solvan.com\/en\/wp-json\/wp\/v2\/product_cat?post=3405"},{"taxonomy":"product_tag","embeddable":true,"href":"https:\/\/www.ing-solvan.com\/en\/wp-json\/wp\/v2\/product_tag?post=3405"}],"curies":[{"name":"wp","href":"https:\/\/api.w.org\/{rel}","templated":true}]}}