{"id":3398,"date":"2024-07-11T11:44:09","date_gmt":"2024-07-11T09:44:09","guid":{"rendered":"https:\/\/www.ing-solvan.com\/?post_type=product&#038;p=3398"},"modified":"2025-01-13T17:15:46","modified_gmt":"2025-01-13T16:15:46","slug":"quick-mix-express","status":"publish","type":"product","link":"https:\/\/www.ing-solvan.com\/en\/producto\/quick-mix-express\/","title":{"rendered":"QUICK MIX EXPRESS"},"content":{"rendered":"<div class=\"wprt-container\">\n<div class=\"table-responsive\">\n<div class=\"table-responsive wprt_style_display\">\n<table class=\"table\">\n<thead>\n<tr>\n<td style=\"text-align: center\"><strong>REFERENCIA<\/strong><\/td>\n<td style=\"text-align: center\"><strong>COLOR<\/strong><\/td>\n<td style=\"text-align: center\"><strong>FORMATIO<\/strong><\/td>\n<td style=\"text-align: center\"><strong>CAPACIDAD<\/strong><\/td>\n<td style=\"text-align: center\"><strong>CAJA<\/strong><\/td>\n<td style=\"text-align: center\"><strong>FICHA SEGURIDAD<\/strong><\/td>\n<td style=\"text-align: center\"><strong>FICHA T\u00c9CNICA<\/strong><\/td>\n<\/tr>\n<\/thead>\n<tbody>\n<tr>\n<td style=\"text-align: center\">5006-001096<\/td>\n<td style=\"text-align: center\">Negro<\/td>\n<td style=\"text-align: center\">Cartucho<\/td>\n<td style=\"text-align: center\">50 ml<\/td>\n<td style=\"text-align: center\">6 unidades<\/td>\n<td><a href=\"\/wp-content\/uploads\/2024\/07\/MSDS-5006-001096-SP-PART-AB-1.pdf\" target=\"_blank\" rel=\"noopener\"><img decoding=\"async\" class=\"aligncenter wp-image-3297\" src=\"\/wp-content\/uploads\/2024\/07\/icono-seguridad.png\" alt=\"\" width=\"25\" height=\"25\" \/><\/a><\/td>\n<td><a href=\"\/wp-content\/uploads\/2024\/07\/TDS_ES_5006-001096_QUICK-MIX-EXPRESS-50-ML.pdf\" target=\"_blank\" rel=\"noopener\"><img decoding=\"async\" class=\"aligncenter wp-image-3297\" src=\"\/wp-content\/uploads\/2024\/07\/icono-tecnica-1.png\" alt=\"\" width=\"25\" height=\"25\" \/><\/a><\/td>\n<\/tr>\n<\/tbody>\n<\/table>\n<\/div>\n<\/div>\n<div class=\"container\"><\/div>\n<\/div>\n","protected":false},"excerpt":{"rendered":"<p>Producto indicado para reparaciones r\u00e1pidas donde el tiempo de trabajo es inferior a 50 segundos. Suelda, repara y rellena. Incluye 2 c\u00e1nulas mezcladoras y film de resistencia t\u00e9rmica para favorecer la reparaci\u00f3n.<\/p>\n<p>CARACTER\u00cdSTICAS<\/p>\n<ul>\n<li>Muy buena adhesi\u00f3n sobre numerosas superficies.<\/li>\n<li>Secado muy r\u00e1pido:\n<ul>\n<li>Secado al tacto 40 segundos.<\/li>\n<li>Lijable 4 min.<\/li>\n<li>Secado total 25 min.<\/li>\n<\/ul>\n<\/li>\n<li>Resistencia manual muy r\u00e1pida.<\/li>\n<li>Producto bicomponente para una uni\u00f3n muy r\u00e1pida.<\/li>\n<li>Doble cartucho pr\u00e1ctico para su uso con c\u00e1nulas mezcladoras para una dosificaci\u00f3n precisa.<\/li>\n<\/ul>\n","protected":false},"featured_media":3404,"comment_status":"closed","ping_status":"closed","template":"","meta":[],"product_brand":[],"product_cat":[65,64],"product_tag":[],"class_list":{"0":"post-3398","1":"product","2":"type-product","3":"status-publish","4":"has-post-thumbnail","6":"product_cat-adhesivos","7":"product_cat-reparacion-de-plasticos","9":"first","10":"onbackorder","11":"taxable","12":"shipping-taxable","13":"purchasable","14":"product-type-simple"},"aioseo_notices":[],"_links":{"self":[{"href":"https:\/\/www.ing-solvan.com\/en\/wp-json\/wp\/v2\/product\/3398","targetHints":{"allow":["GET"]}}],"collection":[{"href":"https:\/\/www.ing-solvan.com\/en\/wp-json\/wp\/v2\/product"}],"about":[{"href":"https:\/\/www.ing-solvan.com\/en\/wp-json\/wp\/v2\/types\/product"}],"replies":[{"embeddable":true,"href":"https:\/\/www.ing-solvan.com\/en\/wp-json\/wp\/v2\/comments?post=3398"}],"wp:featuredmedia":[{"embeddable":true,"href":"https:\/\/www.ing-solvan.com\/en\/wp-json\/wp\/v2\/media\/3404"}],"wp:attachment":[{"href":"https:\/\/www.ing-solvan.com\/en\/wp-json\/wp\/v2\/media?parent=3398"}],"wp:term":[{"taxonomy":"product_brand","embeddable":true,"href":"https:\/\/www.ing-solvan.com\/en\/wp-json\/wp\/v2\/product_brand?post=3398"},{"taxonomy":"product_cat","embeddable":true,"href":"https:\/\/www.ing-solvan.com\/en\/wp-json\/wp\/v2\/product_cat?post=3398"},{"taxonomy":"product_tag","embeddable":true,"href":"https:\/\/www.ing-solvan.com\/en\/wp-json\/wp\/v2\/product_tag?post=3398"}],"curies":[{"name":"wp","href":"https:\/\/api.w.org\/{rel}","templated":true}]}}