{"id":3387,"date":"2024-07-11T11:32:09","date_gmt":"2024-07-11T09:32:09","guid":{"rendered":"https:\/\/www.ing-solvan.com\/?post_type=product&#038;p=3387"},"modified":"2024-11-30T12:17:51","modified_gmt":"2024-11-30T11:17:51","slug":"quick-shield-polymer","status":"publish","type":"product","link":"https:\/\/www.ing-solvan.com\/en\/producto\/quick-shield-polymer\/","title":{"rendered":"QUICK SHIELD POLYMER"},"content":{"rendered":"<div class=\"wprt-container\">\n<div class=\"table-responsive\">\n<div class=\"table-responsive wprt_style_display\">\n<table class=\"table\">\n<thead>\n<tr>\n<td style=\"text-align: center\"><strong>REFERENCIA<\/strong><\/td>\n<td style=\"text-align: center\"><strong>COLOR<\/strong><\/td>\n<td style=\"text-align: center\"><strong>ENVASE<\/strong><\/td>\n<td style=\"text-align: center\"><strong>CAPACIDAD<\/strong><\/td>\n<td style=\"text-align: center\"><strong>FICHA SEGURIDAD<\/strong><\/td>\n<td style=\"text-align: center\"><strong>FICHA T\u00c9CNICA<\/strong><\/td>\n<\/tr>\n<\/thead>\n<tbody>\n<tr>\n<td style=\"text-align: center\">5008-001055<\/td>\n<td style=\"text-align: center\">Negro<\/td>\n<td style=\"text-align: center\">Spray<\/td>\n<td style=\"text-align: center\">500 ml<\/td>\n<td><a href=\"\/wp-content\/uploads\/2024\/07\/ES-SP-5008-001055.pdf\" target=\"_blank\" rel=\"noopener\"><img decoding=\"async\" class=\"aligncenter wp-image-3297\" src=\"\/wp-content\/uploads\/2024\/07\/icono-seguridad.png\" alt=\"\" width=\"25\" height=\"25\" \/><\/a><\/td>\n<td><a href=\"\/wp-content\/uploads\/2024\/07\/TDS_ES_5008-001055_QUICK-SHIELD-POLYMER-NEGRO-500-ML.pdf\" target=\"_blank\" rel=\"noopener\"><img decoding=\"async\" class=\"aligncenter wp-image-3297\" src=\"\/wp-content\/uploads\/2024\/07\/icono-tecnica-1.png\" alt=\"\" width=\"25\" height=\"25\" \/><\/a><\/td>\n<\/tr>\n<tr>\n<td style=\"text-align: center\">5008-001058<\/td>\n<td style=\"text-align: center\">Gris<\/td>\n<td style=\"text-align: center\">Spray<\/td>\n<td style=\"text-align: center\">500 ml<\/td>\n<td><a href=\"\/wp-content\/uploads\/2024\/07\/ES-SP-5008-001058.pdf\" target=\"_blank\" rel=\"noopener\"><img decoding=\"async\" class=\"aligncenter wp-image-3297\" src=\"\/wp-content\/uploads\/2024\/07\/icono-seguridad.png\" alt=\"\" width=\"25\" height=\"25\" \/><\/a><\/td>\n<td><a href=\"\/wp-content\/uploads\/2024\/07\/TDS_ES_5008-001058_QUICK-SHIELD-POLYMER-GRIS-500-ML.pdf\" target=\"_blank\" rel=\"noopener\"><img decoding=\"async\" class=\"aligncenter wp-image-3297\" src=\"\/wp-content\/uploads\/2024\/07\/icono-tecnica-1.png\" alt=\"\" width=\"25\" height=\"25\" \/><\/a><\/td>\n<\/tr>\n<tr>\n<td style=\"text-align: center\">5008-001059<\/td>\n<td style=\"text-align: center\">Blanco<\/td>\n<td style=\"text-align: center\">Spray<\/td>\n<td style=\"text-align: center\">500 ml<\/td>\n<td><a href=\"\/wp-content\/uploads\/2024\/07\/ES_SP_5008-001059.pdf\" target=\"_blank\" rel=\"noopener\"><img decoding=\"async\" class=\"aligncenter wp-image-3297\" src=\"\/wp-content\/uploads\/2024\/07\/icono-seguridad.png\" alt=\"\" width=\"25\" height=\"25\" \/><\/a><\/td>\n<td><a href=\"\/wp-content\/uploads\/2024\/07\/TDS_ES_5008-001059_QUICK-SHIELD-POLYMER-BLANCO-500-ML.pdf\" target=\"_blank\" rel=\"noopener\"><img decoding=\"async\" class=\"aligncenter wp-image-3297\" src=\"\/wp-content\/uploads\/2024\/07\/icono-tecnica-1.png\" alt=\"\" width=\"25\" height=\"25\" \/><\/a><\/td>\n<\/tr>\n<\/tbody>\n<\/table>\n<\/div>\n<\/div>\n<div class=\"container\"><\/div>\n<\/div>\n","protected":false},"excerpt":{"rendered":"<p>Antigravilla en base pol\u00edmero de excelente estructura y flexibilidad. Excelente poder de protecci\u00f3n, anticorrosi\u00f3n y capacidad de reproducir distintos acabados texturizados seg\u00fan la distancia y carga durante la aplicaci\u00f3n.<\/p>\n<p>CARACTER\u00cdSTICAS<\/p>\n<ul>\n<li>Repintable con cualquier sistema.<\/li>\n<li>Muy buena adherencia a una amplia gama de sustratos<\/li>\n<li>Muy buena resistencia a la intemperie, al agua pulverizada y a la abrasi\u00f3n<\/li>\n<li>R\u00e9cord demostrado.<\/li>\n<\/ul>\n","protected":false},"featured_media":3397,"comment_status":"closed","ping_status":"closed","template":"","meta":[],"product_brand":[],"product_cat":[63,62],"product_tag":[],"class_list":{"0":"post-3387","1":"product","2":"type-product","3":"status-publish","4":"has-post-thumbnail","6":"product_cat-antigravillas","7":"product_cat-proteccion-anticorrosiva","9":"first","10":"instock","11":"taxable","12":"shipping-taxable","13":"purchasable","14":"product-type-variable"},"aioseo_notices":[],"_links":{"self":[{"href":"https:\/\/www.ing-solvan.com\/en\/wp-json\/wp\/v2\/product\/3387","targetHints":{"allow":["GET"]}}],"collection":[{"href":"https:\/\/www.ing-solvan.com\/en\/wp-json\/wp\/v2\/product"}],"about":[{"href":"https:\/\/www.ing-solvan.com\/en\/wp-json\/wp\/v2\/types\/product"}],"replies":[{"embeddable":true,"href":"https:\/\/www.ing-solvan.com\/en\/wp-json\/wp\/v2\/comments?post=3387"}],"wp:featuredmedia":[{"embeddable":true,"href":"https:\/\/www.ing-solvan.com\/en\/wp-json\/wp\/v2\/media\/3397"}],"wp:attachment":[{"href":"https:\/\/www.ing-solvan.com\/en\/wp-json\/wp\/v2\/media?parent=3387"}],"wp:term":[{"taxonomy":"product_brand","embeddable":true,"href":"https:\/\/www.ing-solvan.com\/en\/wp-json\/wp\/v2\/product_brand?post=3387"},{"taxonomy":"product_cat","embeddable":true,"href":"https:\/\/www.ing-solvan.com\/en\/wp-json\/wp\/v2\/product_cat?post=3387"},{"taxonomy":"product_tag","embeddable":true,"href":"https:\/\/www.ing-solvan.com\/en\/wp-json\/wp\/v2\/product_tag?post=3387"}],"curies":[{"name":"wp","href":"https:\/\/api.w.org\/{rel}","templated":true}]}}