{"id":3361,"date":"2024-07-11T11:03:03","date_gmt":"2024-07-11T09:03:03","guid":{"rendered":"https:\/\/www.ing-solvan.com\/?post_type=product&#038;p=3361"},"modified":"2026-01-15T15:36:07","modified_gmt":"2026-01-15T14:36:07","slug":"quick-mix-4013","status":"publish","type":"product","link":"https:\/\/www.ing-solvan.com\/en\/producto\/quick-mix-4013\/","title":{"rendered":"QUICK MIX 4013"},"content":{"rendered":"<div class=\"wprt-container\">\n<div class=\"table-responsive\">\n<div class=\"table-responsive wprt_style_display\">\n<table class=\"table\">\n<thead>\n<tr>\n<td style=\"text-align: center\"><strong>REFERENCIA<\/strong><\/td>\n<td style=\"text-align: center\"><strong>COLOR<\/strong><\/td>\n<td style=\"text-align: center\"><strong>FORMATO<\/strong><\/td>\n<td style=\"text-align: center\"><strong>CAPACIDAD<\/strong><\/td>\n<td style=\"text-align: center\"><strong>FICHA SEGURIDAD<\/strong><\/td>\n<td style=\"text-align: center\"><strong>FICHA T\u00c9CNICA<\/strong><\/td>\n<\/tr>\n<\/thead>\n<tbody>\n<tr>\n<td style=\"text-align: center\">5006-006029<\/td>\n<td style=\"text-align: center\">Beige<\/td>\n<td style=\"text-align: center\">2 tubos<\/td>\n<td style=\"text-align: center\">2 x 250 g<\/td>\n<td><a href=\"\/wp-content\/uploads\/2024\/07\/MSDS-5006-006029-SPx1-PART-B.pdf\" target=\"_blank\" rel=\"noopener\"><img decoding=\"async\" class=\"aligncenter wp-image-3297\" src=\"\/wp-content\/uploads\/2024\/07\/icono-seguridad.png\" alt=\"\" width=\"25\" height=\"25\" \/><\/a><\/td>\n<td><a href=\"\/wp-content\/uploads\/2024\/07\/TDS_ES_5006-006029_QUICK-MIX-4013-2-TUBOS-250GR-1.pdf\" target=\"_blank\" rel=\"noopener\"><img decoding=\"async\" class=\"aligncenter wp-image-3297\" src=\"\/wp-content\/uploads\/2024\/07\/icono-tecnica-1.png\" alt=\"\" width=\"25\" height=\"25\" \/><\/a><\/td>\n<\/tr>\n<\/tbody>\n<\/table>\n<\/div>\n<\/div>\n<div class=\"container\"><\/div>\n<\/div>\n","protected":false},"excerpt":{"rendered":"<p>Masilla multifuncional altamente el\u00e1stica dise\u00f1ada especialmente para su aplicaci\u00f3n en sustratos pl\u00e1sticos, incluido el polipropileno. Tambi\u00e9n se adhiere a sustratos met\u00e1licos, como acero, acero galvanizado y aluminio, as\u00ed como a superficies de poli\u00e9ster.<\/p>\n<p>CARACTER\u00cdSTICAS<\/p>\n<ul>\n<li>F\u00e1cil aplicaci\u00f3n y modelado.<\/li>\n<li>Puede ser utilizado como relleno y como masilla fina.<\/li>\n<li>Proporciona un recubrimiento sin lijar y f\u00e1cil de lijar.<\/li>\n<\/ul>\n","protected":false},"featured_media":3365,"comment_status":"closed","ping_status":"closed","template":"","meta":[],"product_brand":[],"product_cat":[52,59],"product_tag":[],"class_list":{"0":"post-3361","1":"product","2":"type-product","3":"status-publish","4":"has-post-thumbnail","6":"product_cat-masillas","7":"product_cat-plasticos","9":"first","10":"instock","11":"taxable","12":"shipping-taxable","13":"purchasable","14":"product-type-simple"},"aioseo_notices":[],"_links":{"self":[{"href":"https:\/\/www.ing-solvan.com\/en\/wp-json\/wp\/v2\/product\/3361","targetHints":{"allow":["GET"]}}],"collection":[{"href":"https:\/\/www.ing-solvan.com\/en\/wp-json\/wp\/v2\/product"}],"about":[{"href":"https:\/\/www.ing-solvan.com\/en\/wp-json\/wp\/v2\/types\/product"}],"replies":[{"embeddable":true,"href":"https:\/\/www.ing-solvan.com\/en\/wp-json\/wp\/v2\/comments?post=3361"}],"wp:featuredmedia":[{"embeddable":true,"href":"https:\/\/www.ing-solvan.com\/en\/wp-json\/wp\/v2\/media\/3365"}],"wp:attachment":[{"href":"https:\/\/www.ing-solvan.com\/en\/wp-json\/wp\/v2\/media?parent=3361"}],"wp:term":[{"taxonomy":"product_brand","embeddable":true,"href":"https:\/\/www.ing-solvan.com\/en\/wp-json\/wp\/v2\/product_brand?post=3361"},{"taxonomy":"product_cat","embeddable":true,"href":"https:\/\/www.ing-solvan.com\/en\/wp-json\/wp\/v2\/product_cat?post=3361"},{"taxonomy":"product_tag","embeddable":true,"href":"https:\/\/www.ing-solvan.com\/en\/wp-json\/wp\/v2\/product_tag?post=3361"}],"curies":[{"name":"wp","href":"https:\/\/api.w.org\/{rel}","templated":true}]}}