{"id":3348,"date":"2024-07-11T10:53:18","date_gmt":"2024-07-11T08:53:18","guid":{"rendered":"https:\/\/www.ing-solvan.com\/?post_type=product&#038;p=3348"},"modified":"2025-03-04T10:58:34","modified_gmt":"2025-03-04T09:58:34","slug":"fill-plas","status":"publish","type":"product","link":"https:\/\/www.ing-solvan.com\/en\/producto\/fill-plas\/","title":{"rendered":"FILL PLAS"},"content":{"rendered":"<div class=\"wprt-container\">\n<div class=\"table-responsive\">\n<div class=\"table-responsive wprt_style_display\">\n<table class=\"table\">\n<thead>\n<tr>\n<td style=\"text-align: center\"><strong>REFERENCIA<\/strong><\/td>\n<td style=\"text-align: center\"><strong>COLOR<\/strong><\/td>\n<td style=\"text-align: center\"><strong>ENVASE<\/strong><\/td>\n<td style=\"text-align: center\"><strong>CAPACIDAD<\/strong><\/td>\n<td style=\"text-align: center\"><strong>FICHA SEGURIDAD<\/strong><\/td>\n<td style=\"text-align: center\"><strong>FICHA T\u00c9CNICA<\/strong><\/td>\n<\/tr>\n<\/thead>\n<tbody>\n<tr>\n<td style=\"text-align: center\">5006-001126<\/td>\n<td style=\"text-align: center\">Gris oscuro<\/td>\n<td style=\"text-align: center\">Lata<\/td>\n<td style=\"text-align: center\">1,5 kg<\/td>\n<td><a href=\"\/wp-content\/uploads\/2024\/07\/ES_SP_5006-001126.pdf\" target=\"_blank\" rel=\"noopener\"><img decoding=\"async\" class=\"aligncenter wp-image-3297\" src=\"\/wp-content\/uploads\/2024\/07\/icono-seguridad.png\" alt=\"\" width=\"25\" height=\"25\" \/><\/a><\/td>\n<td><a href=\"\/wp-content\/uploads\/2024\/07\/TDS_ES_5006-001126_FILL-PLAS-1.5-KG.pdf\" target=\"_blank\" rel=\"noopener\"><img decoding=\"async\" class=\"aligncenter wp-image-3297\" src=\"\/wp-content\/uploads\/2024\/07\/icono-tecnica-1.png\" alt=\"\" width=\"25\" height=\"25\" \/><\/a><\/td>\n<\/tr>\n<\/tbody>\n<\/table>\n<\/div>\n<\/div>\n<div class=\"container\"><\/div>\n<\/div>\n","protected":false},"excerpt":{"rendered":"<p>Masilla de poli\u00e9ster con cargas de fibras pl\u00e1sticas especialmente indicada para retoques y peque\u00f1os desperfectos en partes pl\u00e1sticas del autom\u00f3vil.<\/p>\n<p>Su particular composici\u00f3n permite una excepcional adherencia (incluso sobre Polipropileno y metal), y excelente lijado y flexibilidad.<\/p>\n<p>Su bajo peso espec\u00edfico permite realizar reparaciones incrementando m\u00ednimamente el peso del soporte reparado.<\/p>\n","protected":false},"featured_media":3353,"comment_status":"closed","ping_status":"closed","template":"","meta":[],"product_brand":[],"product_cat":[52,59],"product_tag":[131],"class_list":{"0":"post-3348","1":"product","2":"type-product","3":"status-publish","4":"has-post-thumbnail","6":"product_cat-masillas","7":"product_cat-plasticos","8":"product_tag-masilla","10":"first","11":"instock","12":"taxable","13":"shipping-taxable","14":"purchasable","15":"product-type-simple"},"aioseo_notices":[],"_links":{"self":[{"href":"https:\/\/www.ing-solvan.com\/en\/wp-json\/wp\/v2\/product\/3348","targetHints":{"allow":["GET"]}}],"collection":[{"href":"https:\/\/www.ing-solvan.com\/en\/wp-json\/wp\/v2\/product"}],"about":[{"href":"https:\/\/www.ing-solvan.com\/en\/wp-json\/wp\/v2\/types\/product"}],"replies":[{"embeddable":true,"href":"https:\/\/www.ing-solvan.com\/en\/wp-json\/wp\/v2\/comments?post=3348"}],"wp:featuredmedia":[{"embeddable":true,"href":"https:\/\/www.ing-solvan.com\/en\/wp-json\/wp\/v2\/media\/3353"}],"wp:attachment":[{"href":"https:\/\/www.ing-solvan.com\/en\/wp-json\/wp\/v2\/media?parent=3348"}],"wp:term":[{"taxonomy":"product_brand","embeddable":true,"href":"https:\/\/www.ing-solvan.com\/en\/wp-json\/wp\/v2\/product_brand?post=3348"},{"taxonomy":"product_cat","embeddable":true,"href":"https:\/\/www.ing-solvan.com\/en\/wp-json\/wp\/v2\/product_cat?post=3348"},{"taxonomy":"product_tag","embeddable":true,"href":"https:\/\/www.ing-solvan.com\/en\/wp-json\/wp\/v2\/product_tag?post=3348"}],"curies":[{"name":"wp","href":"https:\/\/api.w.org\/{rel}","templated":true}]}}