{"id":3336,"date":"2024-07-11T10:38:28","date_gmt":"2024-07-11T08:38:28","guid":{"rendered":"https:\/\/www.ing-solvan.com\/?post_type=product&#038;p=3336"},"modified":"2024-11-30T12:20:29","modified_gmt":"2024-11-30T11:20:29","slug":"fill-multilight-plus","status":"publish","type":"product","link":"https:\/\/www.ing-solvan.com\/en\/producto\/fill-multilight-plus\/","title":{"rendered":"FILL MULTILIGHT PLUS"},"content":{"rendered":"<div class=\"wprt-container\">\n<div class=\"table-responsive\">\n<div class=\"table-responsive wprt_style_display\">\n<table class=\"table\">\n<thead>\n<tr>\n<td style=\"text-align: center\"><strong>REFERENCIA<\/strong><\/td>\n<td style=\"text-align: center\"><strong>COLOR<\/strong><\/td>\n<td style=\"text-align: center\"><strong>ENVASE<\/strong><\/td>\n<td style=\"text-align: center\"><strong>CAPACIDAD<\/strong><\/td>\n<td style=\"text-align: center\"><strong>FICHA SEGURIDAD<\/strong><\/td>\n<td style=\"text-align: center\"><strong>FICHA T\u00c9CNICA<\/strong><\/td>\n<\/tr>\n<\/thead>\n<tbody>\n<tr>\n<td style=\"text-align: center\">5001-006106<\/td>\n<td style=\"text-align: center\">Blanco<\/td>\n<td style=\"text-align: center\">Lata<\/td>\n<td style=\"text-align: center\">1000 ml<\/td>\n<td><a href=\"\/wp-content\/uploads\/2024\/07\/ES-SP-5001-006106.pdf\" target=\"_blank\" rel=\"noopener\"><img decoding=\"async\" class=\"aligncenter wp-image-3297\" src=\"\/wp-content\/uploads\/2024\/07\/icono-seguridad.png\" alt=\"\" width=\"25\" height=\"25\" \/><\/a><\/td>\n<td><a href=\"\/wp-content\/uploads\/2024\/07\/TDS_ES_5001-006106_FILL-MULTILIGHT-PLUS-WHITE-1L.pdf\" target=\"_blank\" rel=\"noopener\"><img decoding=\"async\" class=\"aligncenter wp-image-3297\" src=\"\/wp-content\/uploads\/2024\/07\/icono-tecnica-1.png\" alt=\"\" width=\"25\" height=\"25\" \/><\/a><\/td>\n<\/tr>\n<\/tbody>\n<\/table>\n<\/div>\n<\/div>\n<div class=\"container\"><\/div>\n<\/div>\n","protected":false},"excerpt":{"rendered":"<p>Masilla de poli\u00e9ster de bajo peso espec\u00edfico de textura muy cremosa. Contenido de VOC inferior a 250 g\/l, l\u00edmite de la categor\u00eda de la normativa europea. F\u00e1cil aplicaci\u00f3n con esp\u00e1tula con un acabado excepcionalmente liso.<\/p>\n<p>CARACTER\u00cdSTICAS<\/p>\n<ul>\n<li>\u00d3ptima adhesi\u00f3n sobre chapa zincada y de aluminio.<\/li>\n<li>Excepcional secado, aplicaci\u00f3n y lijado.<\/li>\n<li>Acabado muy fino sin porosidad.<\/li>\n<li>Soporta m\u00e1s de 100\u00b0C sin distorsionarse.<\/li>\n<li>Aplicable con cualquiera de los aparejos Car Repair System.<\/li>\n<\/ul>\n","protected":false},"featured_media":3341,"comment_status":"closed","ping_status":"closed","template":"","meta":[],"product_brand":[],"product_cat":[52,56],"product_tag":[131],"class_list":{"0":"post-3336","1":"product","2":"type-product","3":"status-publish","4":"has-post-thumbnail","6":"product_cat-masillas","7":"product_cat-poliester-ligeras","8":"product_tag-masilla","10":"first","11":"instock","12":"taxable","13":"shipping-taxable","14":"purchasable","15":"product-type-simple"},"aioseo_notices":[],"_links":{"self":[{"href":"https:\/\/www.ing-solvan.com\/en\/wp-json\/wp\/v2\/product\/3336","targetHints":{"allow":["GET"]}}],"collection":[{"href":"https:\/\/www.ing-solvan.com\/en\/wp-json\/wp\/v2\/product"}],"about":[{"href":"https:\/\/www.ing-solvan.com\/en\/wp-json\/wp\/v2\/types\/product"}],"replies":[{"embeddable":true,"href":"https:\/\/www.ing-solvan.com\/en\/wp-json\/wp\/v2\/comments?post=3336"}],"wp:featuredmedia":[{"embeddable":true,"href":"https:\/\/www.ing-solvan.com\/en\/wp-json\/wp\/v2\/media\/3341"}],"wp:attachment":[{"href":"https:\/\/www.ing-solvan.com\/en\/wp-json\/wp\/v2\/media?parent=3336"}],"wp:term":[{"taxonomy":"product_brand","embeddable":true,"href":"https:\/\/www.ing-solvan.com\/en\/wp-json\/wp\/v2\/product_brand?post=3336"},{"taxonomy":"product_cat","embeddable":true,"href":"https:\/\/www.ing-solvan.com\/en\/wp-json\/wp\/v2\/product_cat?post=3336"},{"taxonomy":"product_tag","embeddable":true,"href":"https:\/\/www.ing-solvan.com\/en\/wp-json\/wp\/v2\/product_tag?post=3336"}],"curies":[{"name":"wp","href":"https:\/\/api.w.org\/{rel}","templated":true}]}}